{"id":318,"date":"2022-08-02T11:14:04","date_gmt":"2022-08-02T11:14:04","guid":{"rendered":"https:\/\/www.greatirishgrasslands.ie\/learn-more-about-grasslands\/"},"modified":"2024-08-28T08:08:26","modified_gmt":"2024-08-28T08:08:26","slug":"learn-more-about-grasslands","status":"publish","type":"page","link":"https:\/\/www.greatirishgrasslands.ie\/ga\/learn-more-about-grasslands\/","title":{"rendered":"Faigh amach tuileadh faoi Fh\u00e9arthailte"},"content":{"rendered":"\n<p>T\u00e9igh ag taisc\u00e9ala\u00edocht sna codanna seo chun tuilleadh a fhoghlaim faoi fh\u00e9arthailte na h\u00c9ireann, faoi na speicis a ch\u00f3na\u00edonn iontu agus faoin mbealach is fearr le hiad a bhainisti\u00fa. L\u00e9igh sc\u00e9alta agus agallaimh a rinneadh le daoine a bh\u00edonn ag bainisti\u00fa f\u00e9arthailte agus le daoine a bhaineann s\u00e1samh as f\u00e9arthailte. Agus t\u00e9igh ag tochailt sa <a href=\"https:\/\/www.greatirishgrasslands.ie\/ga\/learn-more-about-grasslands\/ca-bhfaighidh-me-tuilleadh-eolais-acmhainni\/\" data-type=\"page\" data-id=\"40\">leathanach acmhainn\u00ed at\u00e1 againn<\/a>&#8230; \u00e1it a bhfaighidh t\u00fa neart l\u00e1ithre\u00e1in sp\u00e9isi\u00fala eile faoi fh\u00e9arthailte.<\/p>\n\n<div class=\"wp-block-columns is-layout-flex wp-container-core-columns-is-layout-28f84493 wp-block-columns-is-layout-flex\">\n<div class=\"wp-block-column is-layout-flow wp-block-column-is-layout-flow\">\n<a href=\"https:\/\/www.greatirishgrasslands.ie\/ga\/learn-more-about-grasslands\/cen-fath-a-bhfuil-fearthailte-leathnadurtha-tabhachtach\/\" class=\"image-link\" aria-label=\"Why grasslands are important\">\n<figure class=\"wp-block-image aligncenter size-large\">\n<img decoding=\"async\" loading=\"lazy\" width=\"794\" height=\"794\" src=\"\/wp-content\/uploads\/2022\/08\/IMG-20220619-WA0014-e1660909460991.jpg\" alt=\"\" class=\"wp-image-136\" srcset=\"\/wp-content\/wp-content\/uploads\/2022\/08\/IMG-20220619-WA0014-e1660909460991-300x300.jpg 300w, \/wp-content\/uploads\/2022\/08\/IMG-20220619-WA0014-e1660909460991-150x150.jpg 150w, \/wp-content\/uploads\/2022\/08\/IMG-20220619-WA0014-e1660909460991-768x768.jpg 768w\" sizes=\"auto, (max-width: 794px) 100vw, 794px\"\/>\n<figcaption>C\u00e9n f\u00e1th a bhfuil f\u00e9arthailte t\u00e1bhachtach<\/figcaption>\n<\/figure>\n<\/a>\n<\/div>\n\n\n\n<div class=\"wp-block-column is-layout-flow wp-block-column-is-layout-flow\">\n<a href=\"https:\/\/www.greatirishgrasslands.ie\/ga\/learn-more-about-grasslands\/fungais-fearaigh\/\" class=\"image-link\" aria-label=\"Grassland Fungi\">\n<figure class=\"wp-block-image aligncenter size-large\">\n<img decoding=\"async\" loading=\"lazy\" width=\"794\" height=\"794\" src=\"\/wp-content\/uploads\/2024\/03\/20211113_162621-1.jpg\" alt=\"\" class=\"wp-image-136\" srcset=\"\/wp-content\/uploads\/2024\/03\/20211113_162621-1.jpg 794w\" sizes=\"auto, (max-width: 794px) 100vw, 794px\"\/>\n<figcaption>Fungais F\u00e9araigh<\/figcaption>\n<\/figure>\n<\/a>\n<\/div>\n<\/div>\n\n<div class=\"wp-block-columns is-layout-flex wp-container-core-columns-is-layout-28f84493 wp-block-columns-is-layout-flex\">\n<div class=\"wp-block-column is-layout-flow wp-block-column-is-layout-flow\">\n<a href=\"https:\/\/www.greatirishgrasslands.ie\/ga\/learn-more-about-grasslands\/fearthailte-a-bhainistiu\/\" class=\"image-link\" aria-label=\"Monitoring and Managing Grassland\">\n<figure class=\"wp-block-image aligncenter size-large\">\n<img decoding=\"async\" loading=\"lazy\" width=\"693\" height=\"693\" alt=\"\" src=\"\/wp-content\/uploads\/2022\/08\/hay-cocks_Cavan-scaled-e1661501130365.jpg\" class=\"wp-image-96\" srcset=\"\/wp-content\/uploads\/2022\/08\/hay-cocks_Cavan-scaled-e1661501130365.jpg 693w, \/wp-content\/uploads\/2022\/08\/hay-cocks_Cavan-scaled-e1661501130365-300x300.jpg 300w, \/wp-content\/uploads\/2022\/08\/hay-cocks_Cavan-scaled-e1661501130365-150x150.jpg 150w\" sizes=\"auto, (max-width: 693px) 100vw, 693px\"\/>\n<figcaption>F\u00e9arthailte a Bhainisti\u00fa<\/figcaption>\n<\/figure>\n<\/a>\n<\/div>\n\n\n\n<div class=\"wp-block-column is-layout-flow wp-block-column-is-layout-flow\">\n<a href=\"https:\/\/www.greatirishgrasslands.ie\/ga\/learn-more-about-grasslands\/ca-bhfaighidh-me-tuilleadh-eolais-acmhainni\/\" class=\"image-link\" aria-label=\"Grassland Stories\"><figure class=\"wp-block-image aligncenter size-large\"><img decoding=\"async\" width=\"1024\" height=\"1024\" loading=\"lazy\" src=\"\/wp-content\/uploads\/2022\/08\/Grassland-plant-square-peter-Lang-1024x1024.jpg\" alt=\"\" class=\"wp-image-367\" srcset=\"https:\/\/www.greatirishgrasslands.ie\/wp-content\/uploads\/2022\/08\/Grassland-plant-square-peter-Lang-1024x1024.jpg 1024w, https:\/\/www.greatirishgrasslands.ie\/wp-content\/uploads\/2022\/08\/Grassland-plant-square-peter-Lang-300x300.jpg 300w, https:\/\/www.greatirishgrasslands.ie\/wp-content\/uploads\/2022\/08\/Grassland-plant-square-peter-Lang-150x150.jpg 150w, https:\/\/www.greatirishgrasslands.ie\/wp-content\/uploads\/2022\/08\/Grassland-plant-square-peter-Lang-768x768.jpg 768w, https:\/\/www.greatirishgrasslands.ie\/wp-content\/uploads\/2022\/08\/Grassland-plant-square-peter-Lang-1536x1536.jpg 1536w\" sizes=\"auto, (max-width: 1024px) 100vw, 1024px\" \/><figcaption>Acmhainn\u00ed<\/figcaption>\n<\/figure>\n<\/a>\n<\/div>\n<\/div>\n","protected":false},"excerpt":{"rendered":"<p>T\u00e9igh ag taisc\u00e9ala\u00edocht sna codanna seo chun tuilleadh a fhoghlaim faoi fh\u00e9arthailte na h\u00c9ireann, faoi na speicis a ch\u00f3na\u00edonn iontu agus faoin mbealach is fearr le hiad a bhainisti\u00fa. L\u00e9igh sc\u00e9alta agus agallaimh a rinneadh le daoine a bh\u00edonn ag bainisti\u00fa f\u00e9arthailte agus le daoine a bhaineann s\u00e1samh as f\u00e9arthailte. Agus t\u00e9igh ag tochailt sa [&hellip;]<\/p>\n","protected":false},"author":1,"featured_media":360,"parent":0,"menu_order":0,"comment_status":"closed","ping_status":"closed","template":"","meta":{"_acf_changed":false,"_uag_custom_page_level_css":"","site-sidebar-layout":"default","site-content-layout":"","ast-site-content-layout":"default","site-content-style":"default","site-sidebar-style":"default","ast-global-header-display":"","ast-banner-title-visibility":"","ast-main-header-display":"","ast-hfb-above-header-display":"","ast-hfb-below-header-display":"","ast-hfb-mobile-header-display":"","site-post-title":"","ast-breadcrumbs-content":"","ast-featured-img":"","footer-sml-layout":"","ast-disable-related-posts":"","theme-transparent-header-meta":"","adv-header-id-meta":"","stick-header-meta":"","header-above-stick-meta":"","header-main-stick-meta":"","header-below-stick-meta":"","astra-migrate-meta-layouts":"default","ast-page-background-enabled":"default","ast-page-background-meta":{"desktop":{"background-color":"var(--ast-global-color-4)","background-image":"","background-repeat":"repeat","background-position":"center center","background-size":"auto","background-attachment":"scroll","background-type":"","background-media":"","overlay-type":"","overlay-color":"","overlay-opacity":"","overlay-gradient":""},"tablet":{"background-color":"","background-image":"","background-repeat":"repeat","background-position":"center center","background-size":"auto","background-attachment":"scroll","background-type":"","background-media":"","overlay-type":"","overlay-color":"","overlay-opacity":"","overlay-gradient":""},"mobile":{"background-color":"","background-image":"","background-repeat":"repeat","background-position":"center center","background-size":"auto","background-attachment":"scroll","background-type":"","background-media":"","overlay-type":"","overlay-color":"","overlay-opacity":"","overlay-gradient":""}},"ast-content-background-meta":{"desktop":{"background-color":"var(--ast-global-color-5)","background-image":"","background-repeat":"repeat","background-position":"center center","background-size":"auto","background-attachment":"scroll","background-type":"","background-media":"","overlay-type":"","overlay-color":"","overlay-opacity":"","overlay-gradient":""},"tablet":{"background-color":"var(--ast-global-color-5)","background-image":"","background-repeat":"repeat","background-position":"center center","background-size":"auto","background-attachment":"scroll","background-type":"","background-media":"","overlay-type":"","overlay-color":"","overlay-opacity":"","overlay-gradient":""},"mobile":{"background-color":"var(--ast-global-color-5)","background-image":"","background-repeat":"repeat","background-position":"center center","background-size":"auto","background-attachment":"scroll","background-type":"","background-media":"","overlay-type":"","overlay-color":"","overlay-opacity":"","overlay-gradient":""}},"pgc_sgb_lightbox_settings":"","footnotes":""},"class_list":["post-318","page","type-page","status-publish","has-post-thumbnail","hentry"],"acf":[],"yoast_head":"<!-- This site is optimized with the Yoast SEO plugin v27.5 - https:\/\/yoast.com\/product\/yoast-seo-wordpress\/ -->\n<title>Faigh amach tuileadh faoi Fh\u00e9arthailte - Great Irish Grasslands<\/title>\n<meta name=\"robots\" content=\"index, follow, max-snippet:-1, max-image-preview:large, max-video-preview:-1\" \/>\n<link rel=\"canonical\" href=\"https:\/\/www.greatirishgrasslands.ie\/ga\/learn-more-about-grasslands\/\" \/>\n<meta property=\"og:locale\" content=\"ga_IE\" \/>\n<meta property=\"og:type\" content=\"article\" \/>\n<meta property=\"og:title\" content=\"Faigh amach tuileadh faoi Fh\u00e9arthailte - Great Irish Grasslands\" \/>\n<meta property=\"og:description\" content=\"T\u00e9igh ag taisc\u00e9ala\u00edocht sna codanna seo chun tuilleadh a fhoghlaim faoi fh\u00e9arthailte na h\u00c9ireann, faoi na speicis a ch\u00f3na\u00edonn iontu agus faoin mbealach is fearr le hiad a bhainisti\u00fa. L\u00e9igh sc\u00e9alta agus agallaimh a rinneadh le daoine a bh\u00edonn ag bainisti\u00fa f\u00e9arthailte agus le daoine a bhaineann s\u00e1samh as f\u00e9arthailte. Agus t\u00e9igh ag tochailt sa [&hellip;]\" \/>\n<meta property=\"og:url\" content=\"https:\/\/www.greatirishgrasslands.ie\/ga\/learn-more-about-grasslands\/\" \/>\n<meta property=\"og:site_name\" content=\"Great Irish Grasslands\" \/>\n<meta property=\"article:modified_time\" content=\"2024-08-28T08:08:26+00:00\" \/>\n<meta property=\"og:image\" content=\"https:\/\/www.greatirishgrasslands.ie\/wp-content\/uploads\/2022\/08\/20220610_115224-scaled-e1661517802387.jpg\" \/>\n\t<meta property=\"og:image:width\" content=\"2560\" \/>\n\t<meta property=\"og:image:height\" content=\"1920\" \/>\n\t<meta property=\"og:image:type\" content=\"image\/jpeg\" \/>\n<meta name=\"twitter:card\" content=\"summary_large_image\" \/>\n<meta name=\"twitter:site\" content=\"@GrasslandsIrl\" \/>\n<meta name=\"twitter:label1\" content=\"Est. reading time\" \/>\n\t<meta name=\"twitter:data1\" content=\"1 minute\" \/>\n<script type=\"application\/ld+json\" class=\"yoast-schema-graph\">{\"@context\":\"https:\\\/\\\/schema.org\",\"@graph\":[{\"@type\":\"WebPage\",\"@id\":\"https:\\\/\\\/www.greatirishgrasslands.ie\\\/ga\\\/learn-more-about-grasslands\\\/\",\"url\":\"https:\\\/\\\/www.greatirishgrasslands.ie\\\/ga\\\/learn-more-about-grasslands\\\/\",\"name\":\"Faigh amach tuileadh faoi Fh\u00e9arthailte - Great Irish Grasslands\",\"isPartOf\":{\"@id\":\"https:\\\/\\\/www.greatirishgrasslands.ie\\\/ga\\\/#website\"},\"primaryImageOfPage\":{\"@id\":\"https:\\\/\\\/www.greatirishgrasslands.ie\\\/ga\\\/learn-more-about-grasslands\\\/#primaryimage\"},\"image\":{\"@id\":\"https:\\\/\\\/www.greatirishgrasslands.ie\\\/ga\\\/learn-more-about-grasslands\\\/#primaryimage\"},\"thumbnailUrl\":\"https:\\\/\\\/www.greatirishgrasslands.ie\\\/wp-content\\\/uploads\\\/2022\\\/08\\\/20220610_115224-scaled-e1661517802387.jpg\",\"datePublished\":\"2022-08-02T11:14:04+00:00\",\"dateModified\":\"2024-08-28T08:08:26+00:00\",\"breadcrumb\":{\"@id\":\"https:\\\/\\\/www.greatirishgrasslands.ie\\\/ga\\\/learn-more-about-grasslands\\\/#breadcrumb\"},\"inLanguage\":\"ga-IE\",\"potentialAction\":[{\"@type\":\"ReadAction\",\"target\":[\"https:\\\/\\\/www.greatirishgrasslands.ie\\\/ga\\\/learn-more-about-grasslands\\\/\"]}]},{\"@type\":\"ImageObject\",\"inLanguage\":\"ga-IE\",\"@id\":\"https:\\\/\\\/www.greatirishgrasslands.ie\\\/ga\\\/learn-more-about-grasslands\\\/#primaryimage\",\"url\":\"https:\\\/\\\/www.greatirishgrasslands.ie\\\/wp-content\\\/uploads\\\/2022\\\/08\\\/20220610_115224-scaled-e1661517802387.jpg\",\"contentUrl\":\"https:\\\/\\\/www.greatirishgrasslands.ie\\\/wp-content\\\/uploads\\\/2022\\\/08\\\/20220610_115224-scaled-e1661517802387.jpg\",\"width\":2560,\"height\":1920},{\"@type\":\"BreadcrumbList\",\"@id\":\"https:\\\/\\\/www.greatirishgrasslands.ie\\\/ga\\\/learn-more-about-grasslands\\\/#breadcrumb\",\"itemListElement\":[{\"@type\":\"ListItem\",\"position\":1,\"name\":\"Home\",\"item\":\"https:\\\/\\\/www.greatirishgrasslands.ie\\\/ga\\\/\"},{\"@type\":\"ListItem\",\"position\":2,\"name\":\"Faigh amach tuileadh faoi Fh\u00e9arthailte\"}]},{\"@type\":\"WebSite\",\"@id\":\"https:\\\/\\\/www.greatirishgrasslands.ie\\\/ga\\\/#website\",\"url\":\"https:\\\/\\\/www.greatirishgrasslands.ie\\\/ga\\\/\",\"name\":\"Great Irish Grasslands\",\"description\":\"\",\"publisher\":{\"@id\":\"https:\\\/\\\/www.greatirishgrasslands.ie\\\/ga\\\/#organization\"},\"potentialAction\":[{\"@type\":\"SearchAction\",\"target\":{\"@type\":\"EntryPoint\",\"urlTemplate\":\"https:\\\/\\\/www.greatirishgrasslands.ie\\\/ga\\\/?s={search_term_string}\"},\"query-input\":{\"@type\":\"PropertyValueSpecification\",\"valueRequired\":true,\"valueName\":\"search_term_string\"}}],\"inLanguage\":\"ga-IE\"},{\"@type\":\"Organization\",\"@id\":\"https:\\\/\\\/www.greatirishgrasslands.ie\\\/ga\\\/#organization\",\"name\":\"Department of Housing, Local Government and Heritage\",\"url\":\"https:\\\/\\\/www.greatirishgrasslands.ie\\\/ga\\\/\",\"logo\":{\"@type\":\"ImageObject\",\"inLanguage\":\"ga-IE\",\"@id\":\"https:\\\/\\\/www.greatirishgrasslands.ie\\\/ga\\\/#\\\/schema\\\/logo\\\/image\\\/\",\"url\":\"https:\\\/\\\/www.greatirishgrasslands.ie\\\/wp-content\\\/uploads\\\/2022\\\/08\\\/GreatIrishGrasslands.png\",\"contentUrl\":\"https:\\\/\\\/www.greatirishgrasslands.ie\\\/wp-content\\\/uploads\\\/2022\\\/08\\\/GreatIrishGrasslands.png\",\"width\":945,\"height\":945,\"caption\":\"Department of Housing, Local Government and Heritage\"},\"image\":{\"@id\":\"https:\\\/\\\/www.greatirishgrasslands.ie\\\/ga\\\/#\\\/schema\\\/logo\\\/image\\\/\"},\"sameAs\":[\"https:\\\/\\\/x.com\\\/GrasslandsIrl\",\"https:\\\/\\\/www.youtube.com\\\/watch?v=LciwCxv7khk&list=PLWta3HlsVdFaNJRQJCwtd3qfuu-nq9zD4\"]}]}<\/script>\n<!-- \/ Yoast SEO plugin. -->","yoast_head_json":{"title":"Faigh amach tuileadh faoi Fh\u00e9arthailte - Great Irish Grasslands","robots":{"index":"index","follow":"follow","max-snippet":"max-snippet:-1","max-image-preview":"max-image-preview:large","max-video-preview":"max-video-preview:-1"},"canonical":"https:\/\/www.greatirishgrasslands.ie\/ga\/learn-more-about-grasslands\/","og_locale":"ga_IE","og_type":"article","og_title":"Faigh amach tuileadh faoi Fh\u00e9arthailte - Great Irish Grasslands","og_description":"T\u00e9igh ag taisc\u00e9ala\u00edocht sna codanna seo chun tuilleadh a fhoghlaim faoi fh\u00e9arthailte na h\u00c9ireann, faoi na speicis a ch\u00f3na\u00edonn iontu agus faoin mbealach is fearr le hiad a bhainisti\u00fa. L\u00e9igh sc\u00e9alta agus agallaimh a rinneadh le daoine a bh\u00edonn ag bainisti\u00fa f\u00e9arthailte agus le daoine a bhaineann s\u00e1samh as f\u00e9arthailte. Agus t\u00e9igh ag tochailt sa [&hellip;]","og_url":"https:\/\/www.greatirishgrasslands.ie\/ga\/learn-more-about-grasslands\/","og_site_name":"Great Irish Grasslands","article_modified_time":"2024-08-28T08:08:26+00:00","og_image":[{"width":2560,"height":1920,"url":"https:\/\/www.greatirishgrasslands.ie\/wp-content\/uploads\/2022\/08\/20220610_115224-scaled-e1661517802387.jpg","type":"image\/jpeg"}],"twitter_card":"summary_large_image","twitter_site":"@GrasslandsIrl","twitter_misc":{"Est. reading time":"1 minute"},"schema":{"@context":"https:\/\/schema.org","@graph":[{"@type":"WebPage","@id":"https:\/\/www.greatirishgrasslands.ie\/ga\/learn-more-about-grasslands\/","url":"https:\/\/www.greatirishgrasslands.ie\/ga\/learn-more-about-grasslands\/","name":"Faigh amach tuileadh faoi Fh\u00e9arthailte - Great Irish Grasslands","isPartOf":{"@id":"https:\/\/www.greatirishgrasslands.ie\/ga\/#website"},"primaryImageOfPage":{"@id":"https:\/\/www.greatirishgrasslands.ie\/ga\/learn-more-about-grasslands\/#primaryimage"},"image":{"@id":"https:\/\/www.greatirishgrasslands.ie\/ga\/learn-more-about-grasslands\/#primaryimage"},"thumbnailUrl":"https:\/\/www.greatirishgrasslands.ie\/wp-content\/uploads\/2022\/08\/20220610_115224-scaled-e1661517802387.jpg","datePublished":"2022-08-02T11:14:04+00:00","dateModified":"2024-08-28T08:08:26+00:00","breadcrumb":{"@id":"https:\/\/www.greatirishgrasslands.ie\/ga\/learn-more-about-grasslands\/#breadcrumb"},"inLanguage":"ga-IE","potentialAction":[{"@type":"ReadAction","target":["https:\/\/www.greatirishgrasslands.ie\/ga\/learn-more-about-grasslands\/"]}]},{"@type":"ImageObject","inLanguage":"ga-IE","@id":"https:\/\/www.greatirishgrasslands.ie\/ga\/learn-more-about-grasslands\/#primaryimage","url":"https:\/\/www.greatirishgrasslands.ie\/wp-content\/uploads\/2022\/08\/20220610_115224-scaled-e1661517802387.jpg","contentUrl":"https:\/\/www.greatirishgrasslands.ie\/wp-content\/uploads\/2022\/08\/20220610_115224-scaled-e1661517802387.jpg","width":2560,"height":1920},{"@type":"BreadcrumbList","@id":"https:\/\/www.greatirishgrasslands.ie\/ga\/learn-more-about-grasslands\/#breadcrumb","itemListElement":[{"@type":"ListItem","position":1,"name":"Home","item":"https:\/\/www.greatirishgrasslands.ie\/ga\/"},{"@type":"ListItem","position":2,"name":"Faigh amach tuileadh faoi Fh\u00e9arthailte"}]},{"@type":"WebSite","@id":"https:\/\/www.greatirishgrasslands.ie\/ga\/#website","url":"https:\/\/www.greatirishgrasslands.ie\/ga\/","name":"Great Irish Grasslands","description":"","publisher":{"@id":"https:\/\/www.greatirishgrasslands.ie\/ga\/#organization"},"potentialAction":[{"@type":"SearchAction","target":{"@type":"EntryPoint","urlTemplate":"https:\/\/www.greatirishgrasslands.ie\/ga\/?s={search_term_string}"},"query-input":{"@type":"PropertyValueSpecification","valueRequired":true,"valueName":"search_term_string"}}],"inLanguage":"ga-IE"},{"@type":"Organization","@id":"https:\/\/www.greatirishgrasslands.ie\/ga\/#organization","name":"Department of Housing, Local Government and Heritage","url":"https:\/\/www.greatirishgrasslands.ie\/ga\/","logo":{"@type":"ImageObject","inLanguage":"ga-IE","@id":"https:\/\/www.greatirishgrasslands.ie\/ga\/#\/schema\/logo\/image\/","url":"https:\/\/www.greatirishgrasslands.ie\/wp-content\/uploads\/2022\/08\/GreatIrishGrasslands.png","contentUrl":"https:\/\/www.greatirishgrasslands.ie\/wp-content\/uploads\/2022\/08\/GreatIrishGrasslands.png","width":945,"height":945,"caption":"Department of Housing, Local Government and Heritage"},"image":{"@id":"https:\/\/www.greatirishgrasslands.ie\/ga\/#\/schema\/logo\/image\/"},"sameAs":["https:\/\/x.com\/GrasslandsIrl","https:\/\/www.youtube.com\/watch?v=LciwCxv7khk&list=PLWta3HlsVdFaNJRQJCwtd3qfuu-nq9zD4"]}]}},"spectra_custom_meta":{"_top_nav_excluded":[""],"_cms_nav_minihome":[""],"_wp_page_template":[""],"_wpml_word_count":["{\"total\":8,\"to_translate\":{\"en\":8}}"],"_edit_lock":["1663143770:1"],"_thumbnail_id":["360"],"_last_translation_edit_mode":["translation-editor"],"_edit_last":["1"],"cmplz_hide_cookiebanner":[""],"adv-header-id-meta":[""],"stick-header-meta":[""],"theme-transparent-header-meta":[""],"_wpml_media_duplicate":["1"],"_wpml_media_featured":["1"],"ast-site-content-layout":["default"],"_cmplz_scanned_post":["1"],"_uag_css_file_name":["uag-css-318.css"],"_uagb_previous_block_counts":["a:90:{s:21:\"uagb\/advanced-heading\";i:0;s:15:\"uagb\/blockquote\";i:0;s:12:\"uagb\/buttons\";i:0;s:18:\"uagb\/buttons-child\";i:0;s:19:\"uagb\/call-to-action\";i:0;s:15:\"uagb\/cf7-styler\";i:0;s:11:\"uagb\/column\";i:0;s:12:\"uagb\/columns\";i:0;s:14:\"uagb\/container\";i:0;s:21:\"uagb\/content-timeline\";i:0;s:27:\"uagb\/content-timeline-child\";i:0;s:14:\"uagb\/countdown\";i:0;s:12:\"uagb\/counter\";i:0;s:8:\"uagb\/faq\";i:0;s:14:\"uagb\/faq-child\";i:0;s:10:\"uagb\/forms\";i:0;s:17:\"uagb\/forms-accept\";i:0;s:19:\"uagb\/forms-checkbox\";i:0;s:15:\"uagb\/forms-date\";i:0;s:16:\"uagb\/forms-email\";i:0;s:17:\"uagb\/forms-hidden\";i:0;s:15:\"uagb\/forms-name\";i:0;s:16:\"uagb\/forms-phone\";i:0;s:16:\"uagb\/forms-radio\";i:0;s:17:\"uagb\/forms-select\";i:0;s:19:\"uagb\/forms-textarea\";i:0;s:17:\"uagb\/forms-toggle\";i:0;s:14:\"uagb\/forms-url\";i:0;s:14:\"uagb\/gf-styler\";i:0;s:15:\"uagb\/google-map\";i:0;s:11:\"uagb\/how-to\";i:0;s:16:\"uagb\/how-to-step\";i:0;s:9:\"uagb\/icon\";i:0;s:14:\"uagb\/icon-list\";i:0;s:20:\"uagb\/icon-list-child\";i:0;s:10:\"uagb\/image\";i:0;s:18:\"uagb\/image-gallery\";i:0;s:13:\"uagb\/info-box\";i:0;s:18:\"uagb\/inline-notice\";i:0;s:11:\"uagb\/lottie\";i:0;s:21:\"uagb\/marketing-button\";i:0;s:10:\"uagb\/modal\";i:0;s:18:\"uagb\/popup-builder\";i:0;s:16:\"uagb\/post-button\";i:0;s:18:\"uagb\/post-carousel\";i:0;s:17:\"uagb\/post-excerpt\";i:0;s:14:\"uagb\/post-grid\";i:0;s:15:\"uagb\/post-image\";i:0;s:17:\"uagb\/post-masonry\";i:0;s:14:\"uagb\/post-meta\";i:0;s:18:\"uagb\/post-taxonomy\";i:0;s:18:\"uagb\/post-timeline\";i:0;s:15:\"uagb\/post-title\";i:0;s:20:\"uagb\/restaurant-menu\";i:0;s:26:\"uagb\/restaurant-menu-child\";i:0;s:11:\"uagb\/review\";i:0;s:12:\"uagb\/section\";i:0;s:14:\"uagb\/separator\";i:0;s:11:\"uagb\/slider\";i:0;s:17:\"uagb\/slider-child\";i:0;s:17:\"uagb\/social-share\";i:0;s:23:\"uagb\/social-share-child\";i:0;s:16:\"uagb\/star-rating\";i:0;s:23:\"uagb\/sure-cart-checkout\";i:0;s:22:\"uagb\/sure-cart-product\";i:0;s:15:\"uagb\/sure-forms\";i:0;s:22:\"uagb\/table-of-contents\";i:0;s:9:\"uagb\/tabs\";i:0;s:15:\"uagb\/tabs-child\";i:0;s:18:\"uagb\/taxonomy-list\";i:0;s:9:\"uagb\/team\";i:0;s:16:\"uagb\/testimonial\";i:0;s:14:\"uagb\/wp-search\";i:0;s:19:\"uagb\/instagram-feed\";i:0;s:10:\"uagb\/login\";i:0;s:17:\"uagb\/loop-builder\";i:0;s:18:\"uagb\/loop-category\";i:0;s:20:\"uagb\/loop-pagination\";i:0;s:15:\"uagb\/loop-reset\";i:0;s:16:\"uagb\/loop-search\";i:0;s:14:\"uagb\/loop-sort\";i:0;s:17:\"uagb\/loop-wrapper\";i:0;s:13:\"uagb\/register\";i:0;s:19:\"uagb\/register-email\";i:0;s:24:\"uagb\/register-first-name\";i:0;s:23:\"uagb\/register-last-name\";i:0;s:22:\"uagb\/register-password\";i:0;s:30:\"uagb\/register-reenter-password\";i:0;s:19:\"uagb\/register-terms\";i:0;s:22:\"uagb\/register-username\";i:0;}"],"_uag_page_assets":["a:9:{s:3:\"css\";s:0:\"\";s:2:\"js\";s:0:\"\";s:18:\"current_block_list\";a:11:{i:0;s:14:\"core\/paragraph\";i:1;s:12:\"core\/columns\";i:2;s:11:\"core\/column\";i:3;s:9:\"core\/html\";i:4;s:11:\"core\/search\";i:5;s:10:\"core\/group\";i:6;s:12:\"core\/heading\";i:7;s:17:\"core\/latest-posts\";i:8;s:20:\"core\/latest-comments\";i:9;s:13:\"core\/archives\";i:10;s:15:\"core\/categories\";}s:8:\"uag_flag\";b:0;s:11:\"uag_version\";s:10:\"1777457883\";s:6:\"gfonts\";a:0:{}s:10:\"gfonts_url\";s:0:\"\";s:12:\"gfonts_files\";a:0:{}s:14:\"uag_faq_layout\";b:0;}"]},"uagb_featured_image_src":{"full":["https:\/\/www.greatirishgrasslands.ie\/wp-content\/uploads\/2022\/08\/20220610_115224-scaled-e1661517802387.jpg",2560,1920,false],"thumbnail":["https:\/\/www.greatirishgrasslands.ie\/wp-content\/uploads\/2022\/08\/20220610_115224-150x150.jpg",150,150,true],"medium":["https:\/\/www.greatirishgrasslands.ie\/wp-content\/uploads\/2022\/08\/20220610_115224-300x225.jpg",300,225,true],"medium_large":["https:\/\/www.greatirishgrasslands.ie\/wp-content\/uploads\/2022\/08\/20220610_115224-768x576.jpg",768,576,true],"large":["https:\/\/www.greatirishgrasslands.ie\/wp-content\/uploads\/2022\/08\/20220610_115224-1024x768.jpg",1024,768,true],"1536x1536":["https:\/\/www.greatirishgrasslands.ie\/wp-content\/uploads\/2022\/08\/20220610_115224-1536x1152.jpg",1536,1152,true],"2048x2048":["https:\/\/www.greatirishgrasslands.ie\/wp-content\/uploads\/2022\/08\/20220610_115224-2048x1536.jpg",2048,1536,true]},"uagb_author_info":{"display_name":"bobbyjo","author_link":"https:\/\/www.greatirishgrasslands.ie\/ga\/author\/bobbyjo\/"},"uagb_comment_info":0,"uagb_excerpt":"T\u00e9igh ag taisc\u00e9ala\u00edocht sna codanna seo chun tuilleadh a fhoghlaim faoi fh\u00e9arthailte na h\u00c9ireann, faoi na speicis a ch\u00f3na\u00edonn iontu agus faoin mbealach is fearr le hiad a bhainisti\u00fa. L\u00e9igh sc\u00e9alta agus agallaimh a rinneadh le daoine a bh\u00edonn ag bainisti\u00fa f\u00e9arthailte agus le daoine a bhaineann s\u00e1samh as f\u00e9arthailte. Agus t\u00e9igh ag tochailt sa&hellip;","_links":{"self":[{"href":"https:\/\/www.greatirishgrasslands.ie\/ga\/wp-json\/wp\/v2\/pages\/318","targetHints":{"allow":["GET"]}}],"collection":[{"href":"https:\/\/www.greatirishgrasslands.ie\/ga\/wp-json\/wp\/v2\/pages"}],"about":[{"href":"https:\/\/www.greatirishgrasslands.ie\/ga\/wp-json\/wp\/v2\/types\/page"}],"author":[{"embeddable":true,"href":"https:\/\/www.greatirishgrasslands.ie\/ga\/wp-json\/wp\/v2\/users\/1"}],"replies":[{"embeddable":true,"href":"https:\/\/www.greatirishgrasslands.ie\/ga\/wp-json\/wp\/v2\/comments?post=318"}],"version-history":[{"count":12,"href":"https:\/\/www.greatirishgrasslands.ie\/ga\/wp-json\/wp\/v2\/pages\/318\/revisions"}],"predecessor-version":[{"id":1403,"href":"https:\/\/www.greatirishgrasslands.ie\/ga\/wp-json\/wp\/v2\/pages\/318\/revisions\/1403"}],"wp:featuredmedia":[{"embeddable":true,"href":"https:\/\/www.greatirishgrasslands.ie\/ga\/wp-json\/wp\/v2\/media\/360"}],"wp:attachment":[{"href":"https:\/\/www.greatirishgrasslands.ie\/ga\/wp-json\/wp\/v2\/media?parent=318"}],"curies":[{"name":"wp","href":"https:\/\/api.w.org\/{rel}","templated":true}]}}