{"id":316,"date":"2022-08-02T11:13:02","date_gmt":"2022-08-02T11:13:02","guid":{"rendered":"https:\/\/www.greatirishgrasslands.ie\/maidir-le-fearthailte-mora-na-heireann\/dean-teagmhail-linn\/"},"modified":"2025-05-08T09:05:20","modified_gmt":"2025-05-08T09:05:20","slug":"dean-teagmhail-linn","status":"publish","type":"page","link":"https:\/\/www.greatirishgrasslands.ie\/ga\/maidir-le-fearthailte-mora-na-heireann\/dean-teagmhail-linn\/","title":{"rendered":"D\u00e9an teagmh\u00e1il linn"},"content":{"rendered":"\n<div class=\"wp-block-contact-form-7-contact-form-selector\">\n<div class=\"wpcf7 no-js\" id=\"wpcf7-f785-o1\" lang=\"ga-IE\" dir=\"ltr\" data-wpcf7-id=\"785\">\n<div class=\"screen-reader-response\"><p role=\"status\" aria-live=\"polite\" aria-atomic=\"true\"><\/p> <ul><\/ul><\/div>\n<form action=\"\/ga\/wp-json\/wp\/v2\/pages\/316#wpcf7-f785-o1\" method=\"post\" class=\"wpcf7-form init\" aria-label=\"Contact form\" novalidate=\"novalidate\" data-status=\"init\">\n<fieldset class=\"hidden-fields-container\"><input type=\"hidden\" name=\"_wpcf7\" value=\"785\" \/><input type=\"hidden\" name=\"_wpcf7_version\" value=\"6.1.5\" \/><input type=\"hidden\" name=\"_wpcf7_locale\" value=\"ga_IE\" \/><input type=\"hidden\" name=\"_wpcf7_unit_tag\" value=\"wpcf7-f785-o1\" \/><input type=\"hidden\" name=\"_wpcf7_container_post\" value=\"0\" \/><input type=\"hidden\" name=\"_wpcf7_posted_data_hash\" value=\"\" \/><input type=\"hidden\" name=\"_wpcf7_recaptcha_response\" value=\"\" \/>\n<\/fieldset>\n<p><label> Ainm<br \/>\n<span class=\"wpcf7-form-control-wrap\" data-name=\"your-name\"><input size=\"40\" maxlength=\"50\" minlength=\"10\" class=\"wpcf7-form-control wpcf7-text wpcf7-validates-as-required\" aria-required=\"true\" aria-invalid=\"false\" value=\"\" type=\"text\" name=\"your-name\" \/><\/span> <\/label>\n<\/p>\n<p><label> R\u00edomhphost<br \/>\n<span class=\"wpcf7-form-control-wrap\" data-name=\"your-email\"><input size=\"40\" maxlength=\"400\" class=\"wpcf7-form-control wpcf7-email wpcf7-validates-as-required wpcf7-text wpcf7-validates-as-email\" aria-required=\"true\" aria-invalid=\"false\" value=\"\" type=\"email\" name=\"your-email\" \/><\/span> <\/label>\n<\/p>\n<p><label> \u00c1bhar<br \/>\n<span class=\"wpcf7-form-control-wrap\" data-name=\"your-subject\"><input size=\"40\" maxlength=\"50\" minlength=\"10\" class=\"wpcf7-form-control wpcf7-text wpcf7-validates-as-required\" aria-required=\"true\" aria-invalid=\"false\" value=\"\" type=\"text\" name=\"your-subject\" \/><\/span> <\/label>\n<\/p>\n<p><label> Teachtaireacht<br \/>\n<span class=\"wpcf7-form-control-wrap\" data-name=\"your-message\"><textarea cols=\"40\" rows=\"10\" maxlength=\"2000\" minlength=\"10\" class=\"wpcf7-form-control wpcf7-textarea wpcf7-validates-as-required\" aria-required=\"true\" aria-invalid=\"false\" name=\"your-message\"><\/textarea><\/span> <\/label>\n<\/p>\n<p><input class=\"wpcf7-form-control wpcf7-submit has-spinner\" type=\"submit\" value=\"Seol\" \/>\n<\/p><div class=\"wpcf7-response-output\" aria-hidden=\"true\"><\/div>\n<\/form>\n<\/div>\n<\/div>\n","protected":false},"excerpt":{"rendered":"","protected":false},"author":1,"featured_media":414,"parent":305,"menu_order":0,"comment_status":"closed","ping_status":"closed","template":"","meta":{"_acf_changed":false,"_uag_custom_page_level_css":"","site-sidebar-layout":"default","site-content-layout":"","ast-site-content-layout":"default","site-content-style":"default","site-sidebar-style":"default","ast-global-header-display":"","ast-banner-title-visibility":"","ast-main-header-display":"","ast-hfb-above-header-display":"","ast-hfb-below-header-display":"","ast-hfb-mobile-header-display":"","site-post-title":"disabled","ast-breadcrumbs-content":"","ast-featured-img":"","footer-sml-layout":"","ast-disable-related-posts":"","theme-transparent-header-meta":"","adv-header-id-meta":"","stick-header-meta":"","header-above-stick-meta":"","header-main-stick-meta":"","header-below-stick-meta":"","astra-migrate-meta-layouts":"default","ast-page-background-enabled":"default","ast-page-background-meta":{"desktop":{"background-color":"var(--ast-global-color-4)","background-image":"","background-repeat":"repeat","background-position":"center center","background-size":"auto","background-attachment":"scroll","background-type":"","background-media":"","overlay-type":"","overlay-color":"","overlay-opacity":"","overlay-gradient":""},"tablet":{"background-color":"","background-image":"","background-repeat":"repeat","background-position":"center center","background-size":"auto","background-attachment":"scroll","background-type":"","background-media":"","overlay-type":"","overlay-color":"","overlay-opacity":"","overlay-gradient":""},"mobile":{"background-color":"","background-image":"","background-repeat":"repeat","background-position":"center center","background-size":"auto","background-attachment":"scroll","background-type":"","background-media":"","overlay-type":"","overlay-color":"","overlay-opacity":"","overlay-gradient":""}},"ast-content-background-meta":{"desktop":{"background-color":"var(--ast-global-color-5)","background-image":"","background-repeat":"repeat","background-position":"center center","background-size":"auto","background-attachment":"scroll","background-type":"","background-media":"","overlay-type":"","overlay-color":"","overlay-opacity":"","overlay-gradient":""},"tablet":{"background-color":"var(--ast-global-color-5)","background-image":"","background-repeat":"repeat","background-position":"center center","background-size":"auto","background-attachment":"scroll","background-type":"","background-media":"","overlay-type":"","overlay-color":"","overlay-opacity":"","overlay-gradient":""},"mobile":{"background-color":"var(--ast-global-color-5)","background-image":"","background-repeat":"repeat","background-position":"center center","background-size":"auto","background-attachment":"scroll","background-type":"","background-media":"","overlay-type":"","overlay-color":"","overlay-opacity":"","overlay-gradient":""}},"pgc_sgb_lightbox_settings":"","footnotes":""},"class_list":["post-316","page","type-page","status-publish","has-post-thumbnail","hentry"],"acf":[],"yoast_head":"<!-- This site is optimized with the Yoast SEO plugin v27.5 - https:\/\/yoast.com\/product\/yoast-seo-wordpress\/ -->\n<title>D\u00e9an teagmh\u00e1il linn - Great Irish Grasslands<\/title>\n<meta name=\"robots\" content=\"index, follow, max-snippet:-1, max-image-preview:large, max-video-preview:-1\" \/>\n<link rel=\"canonical\" href=\"https:\/\/www.greatirishgrasslands.ie\/ga\/maidir-le-fearthailte-mora-na-heireann\/dean-teagmhail-linn\/\" \/>\n<meta property=\"og:locale\" content=\"ga_IE\" \/>\n<meta property=\"og:type\" content=\"article\" \/>\n<meta property=\"og:title\" content=\"D\u00e9an teagmh\u00e1il linn - Great Irish Grasslands\" \/>\n<meta property=\"og:url\" content=\"https:\/\/www.greatirishgrasslands.ie\/ga\/maidir-le-fearthailte-mora-na-heireann\/dean-teagmhail-linn\/\" \/>\n<meta property=\"og:site_name\" content=\"Great Irish Grasslands\" \/>\n<meta property=\"article:modified_time\" content=\"2025-05-08T09:05:20+00:00\" \/>\n<meta property=\"og:image\" content=\"https:\/\/www.greatirishgrasslands.ie\/wp-content\/uploads\/2022\/08\/20220602_135430-scaled-e1660909979324.jpg\" \/>\n\t<meta property=\"og:image:width\" content=\"2560\" \/>\n\t<meta property=\"og:image:height\" content=\"1920\" \/>\n\t<meta property=\"og:image:type\" content=\"image\/jpeg\" \/>\n<meta name=\"twitter:card\" content=\"summary_large_image\" \/>\n<meta name=\"twitter:site\" content=\"@GrasslandsIrl\" \/>\n<script type=\"application\/ld+json\" class=\"yoast-schema-graph\">{\"@context\":\"https:\\\/\\\/schema.org\",\"@graph\":[{\"@type\":\"WebPage\",\"@id\":\"https:\\\/\\\/www.greatirishgrasslands.ie\\\/ga\\\/maidir-le-fearthailte-mora-na-heireann\\\/dean-teagmhail-linn\\\/\",\"url\":\"https:\\\/\\\/www.greatirishgrasslands.ie\\\/ga\\\/maidir-le-fearthailte-mora-na-heireann\\\/dean-teagmhail-linn\\\/\",\"name\":\"D\u00e9an teagmh\u00e1il linn - Great Irish Grasslands\",\"isPartOf\":{\"@id\":\"https:\\\/\\\/www.greatirishgrasslands.ie\\\/ga\\\/#website\"},\"primaryImageOfPage\":{\"@id\":\"https:\\\/\\\/www.greatirishgrasslands.ie\\\/ga\\\/maidir-le-fearthailte-mora-na-heireann\\\/dean-teagmhail-linn\\\/#primaryimage\"},\"image\":{\"@id\":\"https:\\\/\\\/www.greatirishgrasslands.ie\\\/ga\\\/maidir-le-fearthailte-mora-na-heireann\\\/dean-teagmhail-linn\\\/#primaryimage\"},\"thumbnailUrl\":\"https:\\\/\\\/www.greatirishgrasslands.ie\\\/wp-content\\\/uploads\\\/2022\\\/08\\\/20220602_135430-scaled-e1660909979324.jpg\",\"datePublished\":\"2022-08-02T11:13:02+00:00\",\"dateModified\":\"2025-05-08T09:05:20+00:00\",\"breadcrumb\":{\"@id\":\"https:\\\/\\\/www.greatirishgrasslands.ie\\\/ga\\\/maidir-le-fearthailte-mora-na-heireann\\\/dean-teagmhail-linn\\\/#breadcrumb\"},\"inLanguage\":\"ga-IE\",\"potentialAction\":[{\"@type\":\"ReadAction\",\"target\":[\"https:\\\/\\\/www.greatirishgrasslands.ie\\\/ga\\\/maidir-le-fearthailte-mora-na-heireann\\\/dean-teagmhail-linn\\\/\"]}]},{\"@type\":\"ImageObject\",\"inLanguage\":\"ga-IE\",\"@id\":\"https:\\\/\\\/www.greatirishgrasslands.ie\\\/ga\\\/maidir-le-fearthailte-mora-na-heireann\\\/dean-teagmhail-linn\\\/#primaryimage\",\"url\":\"https:\\\/\\\/www.greatirishgrasslands.ie\\\/wp-content\\\/uploads\\\/2022\\\/08\\\/20220602_135430-scaled-e1660909979324.jpg\",\"contentUrl\":\"https:\\\/\\\/www.greatirishgrasslands.ie\\\/wp-content\\\/uploads\\\/2022\\\/08\\\/20220602_135430-scaled-e1660909979324.jpg\",\"width\":2560,\"height\":1920},{\"@type\":\"BreadcrumbList\",\"@id\":\"https:\\\/\\\/www.greatirishgrasslands.ie\\\/ga\\\/maidir-le-fearthailte-mora-na-heireann\\\/dean-teagmhail-linn\\\/#breadcrumb\",\"itemListElement\":[{\"@type\":\"ListItem\",\"position\":1,\"name\":\"Home\",\"item\":\"https:\\\/\\\/www.greatirishgrasslands.ie\\\/ga\\\/\"},{\"@type\":\"ListItem\",\"position\":2,\"name\":\"Maidir le \u2018F\u00e9arthailte M\u00f3ra na h\u00c9ireann\u2019\",\"item\":\"https:\\\/\\\/www.greatirishgrasslands.ie\\\/ga\\\/maidir-le-fearthailte-mora-na-heireann\\\/\"},{\"@type\":\"ListItem\",\"position\":3,\"name\":\"D\u00e9an teagmh\u00e1il linn\"}]},{\"@type\":\"WebSite\",\"@id\":\"https:\\\/\\\/www.greatirishgrasslands.ie\\\/ga\\\/#website\",\"url\":\"https:\\\/\\\/www.greatirishgrasslands.ie\\\/ga\\\/\",\"name\":\"Great Irish Grasslands\",\"description\":\"\",\"publisher\":{\"@id\":\"https:\\\/\\\/www.greatirishgrasslands.ie\\\/ga\\\/#organization\"},\"potentialAction\":[{\"@type\":\"SearchAction\",\"target\":{\"@type\":\"EntryPoint\",\"urlTemplate\":\"https:\\\/\\\/www.greatirishgrasslands.ie\\\/ga\\\/?s={search_term_string}\"},\"query-input\":{\"@type\":\"PropertyValueSpecification\",\"valueRequired\":true,\"valueName\":\"search_term_string\"}}],\"inLanguage\":\"ga-IE\"},{\"@type\":\"Organization\",\"@id\":\"https:\\\/\\\/www.greatirishgrasslands.ie\\\/ga\\\/#organization\",\"name\":\"Department of Housing, Local Government and Heritage\",\"url\":\"https:\\\/\\\/www.greatirishgrasslands.ie\\\/ga\\\/\",\"logo\":{\"@type\":\"ImageObject\",\"inLanguage\":\"ga-IE\",\"@id\":\"https:\\\/\\\/www.greatirishgrasslands.ie\\\/ga\\\/#\\\/schema\\\/logo\\\/image\\\/\",\"url\":\"https:\\\/\\\/www.greatirishgrasslands.ie\\\/wp-content\\\/uploads\\\/2022\\\/08\\\/GreatIrishGrasslands.png\",\"contentUrl\":\"https:\\\/\\\/www.greatirishgrasslands.ie\\\/wp-content\\\/uploads\\\/2022\\\/08\\\/GreatIrishGrasslands.png\",\"width\":945,\"height\":945,\"caption\":\"Department of Housing, Local Government and Heritage\"},\"image\":{\"@id\":\"https:\\\/\\\/www.greatirishgrasslands.ie\\\/ga\\\/#\\\/schema\\\/logo\\\/image\\\/\"},\"sameAs\":[\"https:\\\/\\\/x.com\\\/GrasslandsIrl\",\"https:\\\/\\\/www.youtube.com\\\/watch?v=LciwCxv7khk&list=PLWta3HlsVdFaNJRQJCwtd3qfuu-nq9zD4\"]}]}<\/script>\n<!-- \/ Yoast SEO plugin. -->","yoast_head_json":{"title":"D\u00e9an teagmh\u00e1il linn - Great Irish Grasslands","robots":{"index":"index","follow":"follow","max-snippet":"max-snippet:-1","max-image-preview":"max-image-preview:large","max-video-preview":"max-video-preview:-1"},"canonical":"https:\/\/www.greatirishgrasslands.ie\/ga\/maidir-le-fearthailte-mora-na-heireann\/dean-teagmhail-linn\/","og_locale":"ga_IE","og_type":"article","og_title":"D\u00e9an teagmh\u00e1il linn - Great Irish Grasslands","og_url":"https:\/\/www.greatirishgrasslands.ie\/ga\/maidir-le-fearthailte-mora-na-heireann\/dean-teagmhail-linn\/","og_site_name":"Great Irish Grasslands","article_modified_time":"2025-05-08T09:05:20+00:00","og_image":[{"width":2560,"height":1920,"url":"https:\/\/www.greatirishgrasslands.ie\/wp-content\/uploads\/2022\/08\/20220602_135430-scaled-e1660909979324.jpg","type":"image\/jpeg"}],"twitter_card":"summary_large_image","twitter_site":"@GrasslandsIrl","schema":{"@context":"https:\/\/schema.org","@graph":[{"@type":"WebPage","@id":"https:\/\/www.greatirishgrasslands.ie\/ga\/maidir-le-fearthailte-mora-na-heireann\/dean-teagmhail-linn\/","url":"https:\/\/www.greatirishgrasslands.ie\/ga\/maidir-le-fearthailte-mora-na-heireann\/dean-teagmhail-linn\/","name":"D\u00e9an teagmh\u00e1il linn - Great Irish Grasslands","isPartOf":{"@id":"https:\/\/www.greatirishgrasslands.ie\/ga\/#website"},"primaryImageOfPage":{"@id":"https:\/\/www.greatirishgrasslands.ie\/ga\/maidir-le-fearthailte-mora-na-heireann\/dean-teagmhail-linn\/#primaryimage"},"image":{"@id":"https:\/\/www.greatirishgrasslands.ie\/ga\/maidir-le-fearthailte-mora-na-heireann\/dean-teagmhail-linn\/#primaryimage"},"thumbnailUrl":"https:\/\/www.greatirishgrasslands.ie\/wp-content\/uploads\/2022\/08\/20220602_135430-scaled-e1660909979324.jpg","datePublished":"2022-08-02T11:13:02+00:00","dateModified":"2025-05-08T09:05:20+00:00","breadcrumb":{"@id":"https:\/\/www.greatirishgrasslands.ie\/ga\/maidir-le-fearthailte-mora-na-heireann\/dean-teagmhail-linn\/#breadcrumb"},"inLanguage":"ga-IE","potentialAction":[{"@type":"ReadAction","target":["https:\/\/www.greatirishgrasslands.ie\/ga\/maidir-le-fearthailte-mora-na-heireann\/dean-teagmhail-linn\/"]}]},{"@type":"ImageObject","inLanguage":"ga-IE","@id":"https:\/\/www.greatirishgrasslands.ie\/ga\/maidir-le-fearthailte-mora-na-heireann\/dean-teagmhail-linn\/#primaryimage","url":"https:\/\/www.greatirishgrasslands.ie\/wp-content\/uploads\/2022\/08\/20220602_135430-scaled-e1660909979324.jpg","contentUrl":"https:\/\/www.greatirishgrasslands.ie\/wp-content\/uploads\/2022\/08\/20220602_135430-scaled-e1660909979324.jpg","width":2560,"height":1920},{"@type":"BreadcrumbList","@id":"https:\/\/www.greatirishgrasslands.ie\/ga\/maidir-le-fearthailte-mora-na-heireann\/dean-teagmhail-linn\/#breadcrumb","itemListElement":[{"@type":"ListItem","position":1,"name":"Home","item":"https:\/\/www.greatirishgrasslands.ie\/ga\/"},{"@type":"ListItem","position":2,"name":"Maidir le \u2018F\u00e9arthailte M\u00f3ra na h\u00c9ireann\u2019","item":"https:\/\/www.greatirishgrasslands.ie\/ga\/maidir-le-fearthailte-mora-na-heireann\/"},{"@type":"ListItem","position":3,"name":"D\u00e9an teagmh\u00e1il linn"}]},{"@type":"WebSite","@id":"https:\/\/www.greatirishgrasslands.ie\/ga\/#website","url":"https:\/\/www.greatirishgrasslands.ie\/ga\/","name":"Great Irish Grasslands","description":"","publisher":{"@id":"https:\/\/www.greatirishgrasslands.ie\/ga\/#organization"},"potentialAction":[{"@type":"SearchAction","target":{"@type":"EntryPoint","urlTemplate":"https:\/\/www.greatirishgrasslands.ie\/ga\/?s={search_term_string}"},"query-input":{"@type":"PropertyValueSpecification","valueRequired":true,"valueName":"search_term_string"}}],"inLanguage":"ga-IE"},{"@type":"Organization","@id":"https:\/\/www.greatirishgrasslands.ie\/ga\/#organization","name":"Department of Housing, Local Government and Heritage","url":"https:\/\/www.greatirishgrasslands.ie\/ga\/","logo":{"@type":"ImageObject","inLanguage":"ga-IE","@id":"https:\/\/www.greatirishgrasslands.ie\/ga\/#\/schema\/logo\/image\/","url":"https:\/\/www.greatirishgrasslands.ie\/wp-content\/uploads\/2022\/08\/GreatIrishGrasslands.png","contentUrl":"https:\/\/www.greatirishgrasslands.ie\/wp-content\/uploads\/2022\/08\/GreatIrishGrasslands.png","width":945,"height":945,"caption":"Department of Housing, Local Government and Heritage"},"image":{"@id":"https:\/\/www.greatirishgrasslands.ie\/ga\/#\/schema\/logo\/image\/"},"sameAs":["https:\/\/x.com\/GrasslandsIrl","https:\/\/www.youtube.com\/watch?v=LciwCxv7khk&list=PLWta3HlsVdFaNJRQJCwtd3qfuu-nq9zD4"]}]}},"spectra_custom_meta":{"_top_nav_excluded":[""],"_cms_nav_minihome":[""],"_last_translation_edit_mode":["translation-editor"],"_wp_page_template":[""],"_wpml_word_count":["4"],"_edit_lock":["1661859074:1"],"_thumbnail_id":["414"],"_edit_last":["1"],"_cmplz_scanned_post":["1"],"ast-main-header-display":[""],"ast-hfb-above-header-display":[""],"ast-hfb-below-header-display":[""],"ast-hfb-mobile-header-display":[""],"adv-header-id-meta":[""],"footer-sml-layout":[""],"stick-header-meta":[""],"header-main-stick-meta":[""],"header-above-stick-meta":[""],"header-below-stick-meta":[""],"site-post-title":["disabled"],"site-sidebar-layout":["default"],"site-content-layout":[""],"ast-featured-img":[""],"ast-breadcrumbs-content":[""],"theme-transparent-header-meta":[""],"_wpml_media_duplicate":["1"],"_wpml_media_featured":["1"],"ast-banner-title-visibility":[""],"ast-global-header-display":[""],"ast-site-content-layout":["default"],"site-content-style":["default"],"site-sidebar-style":["default"],"_uagb_previous_block_counts":["a:90:{s:21:\"uagb\/advanced-heading\";i:0;s:15:\"uagb\/blockquote\";i:0;s:12:\"uagb\/buttons\";i:0;s:18:\"uagb\/buttons-child\";i:0;s:19:\"uagb\/call-to-action\";i:0;s:15:\"uagb\/cf7-styler\";i:0;s:11:\"uagb\/column\";i:0;s:12:\"uagb\/columns\";i:0;s:14:\"uagb\/container\";i:0;s:21:\"uagb\/content-timeline\";i:0;s:27:\"uagb\/content-timeline-child\";i:0;s:14:\"uagb\/countdown\";i:0;s:12:\"uagb\/counter\";i:0;s:8:\"uagb\/faq\";i:0;s:14:\"uagb\/faq-child\";i:0;s:10:\"uagb\/forms\";i:0;s:17:\"uagb\/forms-accept\";i:0;s:19:\"uagb\/forms-checkbox\";i:0;s:15:\"uagb\/forms-date\";i:0;s:16:\"uagb\/forms-email\";i:0;s:17:\"uagb\/forms-hidden\";i:0;s:15:\"uagb\/forms-name\";i:0;s:16:\"uagb\/forms-phone\";i:0;s:16:\"uagb\/forms-radio\";i:0;s:17:\"uagb\/forms-select\";i:0;s:19:\"uagb\/forms-textarea\";i:0;s:17:\"uagb\/forms-toggle\";i:0;s:14:\"uagb\/forms-url\";i:0;s:14:\"uagb\/gf-styler\";i:0;s:15:\"uagb\/google-map\";i:0;s:11:\"uagb\/how-to\";i:0;s:16:\"uagb\/how-to-step\";i:0;s:9:\"uagb\/icon\";i:0;s:14:\"uagb\/icon-list\";i:0;s:20:\"uagb\/icon-list-child\";i:0;s:10:\"uagb\/image\";i:0;s:18:\"uagb\/image-gallery\";i:0;s:13:\"uagb\/info-box\";i:0;s:18:\"uagb\/inline-notice\";i:0;s:11:\"uagb\/lottie\";i:0;s:21:\"uagb\/marketing-button\";i:0;s:10:\"uagb\/modal\";i:0;s:18:\"uagb\/popup-builder\";i:0;s:16:\"uagb\/post-button\";i:0;s:18:\"uagb\/post-carousel\";i:0;s:17:\"uagb\/post-excerpt\";i:0;s:14:\"uagb\/post-grid\";i:0;s:15:\"uagb\/post-image\";i:0;s:17:\"uagb\/post-masonry\";i:0;s:14:\"uagb\/post-meta\";i:0;s:18:\"uagb\/post-taxonomy\";i:0;s:18:\"uagb\/post-timeline\";i:0;s:15:\"uagb\/post-title\";i:0;s:20:\"uagb\/restaurant-menu\";i:0;s:26:\"uagb\/restaurant-menu-child\";i:0;s:11:\"uagb\/review\";i:0;s:12:\"uagb\/section\";i:0;s:14:\"uagb\/separator\";i:0;s:11:\"uagb\/slider\";i:0;s:17:\"uagb\/slider-child\";i:0;s:17:\"uagb\/social-share\";i:0;s:23:\"uagb\/social-share-child\";i:0;s:16:\"uagb\/star-rating\";i:0;s:23:\"uagb\/sure-cart-checkout\";i:0;s:22:\"uagb\/sure-cart-product\";i:0;s:15:\"uagb\/sure-forms\";i:0;s:22:\"uagb\/table-of-contents\";i:0;s:9:\"uagb\/tabs\";i:0;s:15:\"uagb\/tabs-child\";i:0;s:18:\"uagb\/taxonomy-list\";i:0;s:9:\"uagb\/team\";i:0;s:16:\"uagb\/testimonial\";i:0;s:14:\"uagb\/wp-search\";i:0;s:19:\"uagb\/instagram-feed\";i:0;s:10:\"uagb\/login\";i:0;s:17:\"uagb\/loop-builder\";i:0;s:18:\"uagb\/loop-category\";i:0;s:20:\"uagb\/loop-pagination\";i:0;s:15:\"uagb\/loop-reset\";i:0;s:16:\"uagb\/loop-search\";i:0;s:14:\"uagb\/loop-sort\";i:0;s:17:\"uagb\/loop-wrapper\";i:0;s:13:\"uagb\/register\";i:0;s:19:\"uagb\/register-email\";i:0;s:24:\"uagb\/register-first-name\";i:0;s:23:\"uagb\/register-last-name\";i:0;s:22:\"uagb\/register-password\";i:0;s:30:\"uagb\/register-reenter-password\";i:0;s:19:\"uagb\/register-terms\";i:0;s:22:\"uagb\/register-username\";i:0;}"],"_uag_page_assets":["a:9:{s:3:\"css\";s:0:\"\";s:2:\"js\";s:0:\"\";s:18:\"current_block_list\";a:9:{i:0;s:36:\"contact-form-7\/contact-form-selector\";i:1;s:11:\"core\/search\";i:2;s:10:\"core\/group\";i:3;s:12:\"core\/heading\";i:4;s:17:\"core\/latest-posts\";i:5;s:20:\"core\/latest-comments\";i:6;s:13:\"core\/archives\";i:7;s:15:\"core\/categories\";i:8;s:14:\"core\/paragraph\";}s:8:\"uag_flag\";b:0;s:11:\"uag_version\";s:10:\"1777457883\";s:6:\"gfonts\";a:0:{}s:10:\"gfonts_url\";s:0:\"\";s:12:\"gfonts_files\";a:0:{}s:14:\"uag_faq_layout\";b:0;}"]},"uagb_featured_image_src":{"full":["https:\/\/www.greatirishgrasslands.ie\/wp-content\/uploads\/2022\/08\/20220602_135430-scaled-e1660909979324.jpg",2560,1920,false],"thumbnail":["https:\/\/www.greatirishgrasslands.ie\/wp-content\/uploads\/2022\/08\/20220602_135430-150x150.jpg",150,150,true],"medium":["https:\/\/www.greatirishgrasslands.ie\/wp-content\/uploads\/2022\/08\/20220602_135430-300x225.jpg",300,225,true],"medium_large":["https:\/\/www.greatirishgrasslands.ie\/wp-content\/uploads\/2022\/08\/20220602_135430-768x576.jpg",768,576,true],"large":["https:\/\/www.greatirishgrasslands.ie\/wp-content\/uploads\/2022\/08\/20220602_135430-1024x768.jpg",1024,768,true],"1536x1536":["https:\/\/www.greatirishgrasslands.ie\/wp-content\/uploads\/2022\/08\/20220602_135430-1536x1152.jpg",1536,1152,true],"2048x2048":["https:\/\/www.greatirishgrasslands.ie\/wp-content\/uploads\/2022\/08\/20220602_135430-2048x1536.jpg",2048,1536,true]},"uagb_author_info":{"display_name":"bobbyjo","author_link":"https:\/\/www.greatirishgrasslands.ie\/ga\/author\/bobbyjo\/"},"uagb_comment_info":0,"uagb_excerpt":null,"_links":{"self":[{"href":"https:\/\/www.greatirishgrasslands.ie\/ga\/wp-json\/wp\/v2\/pages\/316","targetHints":{"allow":["GET"]}}],"collection":[{"href":"https:\/\/www.greatirishgrasslands.ie\/ga\/wp-json\/wp\/v2\/pages"}],"about":[{"href":"https:\/\/www.greatirishgrasslands.ie\/ga\/wp-json\/wp\/v2\/types\/page"}],"author":[{"embeddable":true,"href":"https:\/\/www.greatirishgrasslands.ie\/ga\/wp-json\/wp\/v2\/users\/1"}],"replies":[{"embeddable":true,"href":"https:\/\/www.greatirishgrasslands.ie\/ga\/wp-json\/wp\/v2\/comments?post=316"}],"version-history":[{"count":3,"href":"https:\/\/www.greatirishgrasslands.ie\/ga\/wp-json\/wp\/v2\/pages\/316\/revisions"}],"predecessor-version":[{"id":2127,"href":"https:\/\/www.greatirishgrasslands.ie\/ga\/wp-json\/wp\/v2\/pages\/316\/revisions\/2127"}],"up":[{"embeddable":true,"href":"https:\/\/www.greatirishgrasslands.ie\/ga\/wp-json\/wp\/v2\/pages\/305"}],"wp:featuredmedia":[{"embeddable":true,"href":"https:\/\/www.greatirishgrasslands.ie\/ga\/wp-json\/wp\/v2\/media\/414"}],"wp:attachment":[{"href":"https:\/\/www.greatirishgrasslands.ie\/ga\/wp-json\/wp\/v2\/media?parent=316"}],"curies":[{"name":"wp","href":"https:\/\/api.w.org\/{rel}","templated":true}]}}