{"id":305,"date":"2022-08-02T11:12:25","date_gmt":"2022-08-02T11:12:25","guid":{"rendered":"https:\/\/www.greatirishgrasslands.ie\/maidir-le-fearthailte-mora-na-heireann\/"},"modified":"2025-05-08T09:03:44","modified_gmt":"2025-05-08T09:03:44","slug":"maidir-le-fearthailte-mora-na-heireann","status":"publish","type":"page","link":"https:\/\/www.greatirishgrasslands.ie\/ga\/maidir-le-fearthailte-mora-na-heireann\/","title":{"rendered":"Maidir le \u2018F\u00e9arthailte M\u00f3ra na h\u00c9ireann\u2019"},"content":{"rendered":"\n<p>Is tionscadal \u00e9 \u2018F\u00e9arthailte M\u00f3ra na h\u00c9ireann\u2019 at\u00e1 faoi sti\u00fair gr\u00fapa eolaithe agus d\u00edograiseoir\u00ed at\u00e1 tiomnaithe d\u2019fhaisn\u00e9is a roinnt leat faoi fh\u00e9arthailte leathn\u00e1d\u00fartha. Tabharfaidh an l\u00e1ithre\u00e1n gr\u00e9as\u00e1in seo an fhaisn\u00e9is uile at\u00e1 de dh\u00edth ort chun sult a bhaint as f\u00e9arthailte leathn\u00e1d\u00fartha na h\u00c9ireann agus chun cuidi\u00fa linn iad a sh\u00e1bh\u00e1il, ar cuid de na gn\u00e1th\u00f3ga is m\u00f3 faoi bhagairt in \u00c9irinn iad.<\/p>\n\n<p>T\u00e1 f\u00e9arthailte leathn\u00e1d\u00fartha at\u00e1 saibhir \u00f3 thaobh speicis de i measc na ngn\u00e1th\u00f3g is m\u00f3 faoi bhagairt in \u00c9irinn ach is beag feasacht ghinear\u00e1lta at\u00e1 ann faoin t\u00e1bhacht a bhaineann leo. Caithfidh go leor eagra\u00edochta\u00ed fi\u00fa, lena n-\u00e1ir\u00edtear gn\u00edomhaireachta\u00ed st\u00e1it agus eagra\u00edochta\u00ed neamhrialtasacha comhshaoil (ENRcanna), tuilleadh a fhoghlaim freisin. It is hoped that this website will be of interest and use to all.<\/p>\n\n<p>T\u00e1 s\u00e9 d\u2019aidhm ag an l\u00e1ithre\u00e1n gr\u00e9as\u00e1in seo cur leis an bhfeasacht agus leis an eolas sin, agus faisn\u00e9is a roinnt maidir le gach n\u00ed a bhaineann le f\u00e9arthailte leathn\u00e1d\u00fartha, lena n-\u00e1ir\u00edtear na nithe seo a leanas:<\/p>\n\n<ul class=\"wp-block-list\">\n<li>cuir s\u00edos ar chine\u00e1lacha f\u00e9arthailte,<\/li>\n\n\n\n<li>cuidi\u00fa le speicis f\u00e9arthailte a aithint,<\/li>\n\n\n\n<li>faisn\u00e9is at\u00e1 cothrom le d\u00e1ta maidir le st\u00e1das caomhantais f\u00e9arthailte,<\/li>\n\n\n\n<li>faisn\u00e9is maidir leis na bagairt\u00ed agus na d\u00fashl\u00e1in at\u00e1 ann roimh fh\u00e9arthailte leathn\u00e1d\u00fartha,<\/li>\n\n\n\n<li>faisn\u00e9is maidir le himeachta\u00ed,<\/li>\n\n\n\n<li>beala\u00ed chun tuilleadh a fhoghlaim, <\/li>\n\n\n\n<li>faisn\u00e9is maidir leis an \u00e1it\/leis an gcaoi le bualadh le daoine eile a bhfuil suim acu i gcaomhn\u00fa f\u00e9arthailte<\/li>\n\n\n\n<li>agus tuilleadh chomh maith leis sin.<\/li>\n<\/ul>\n\n<p>Chuir an tSeirbh\u00eds P\u00e1irceanna N\u00e1isi\u00fanta agus Fiadh\u00falra (SPNF) t\u00fas leis an tionscadal, le taca\u00edocht \u00f3n Ionad N\u00e1isi\u00fanta le Sonra\u00ed Bith\u00e9ags\u00falachta. T\u00e1 an d\u00e1 eagra\u00edocht ag s\u00fail go bhf\u00e1sfaidh an mol f\u00e9arthal\u00fan seo \u00f3 thaobh suime agus rannph\u00e1irt\u00edochta de. T\u00e1 maoini\u00fa chun t\u00fas a chur leis an tionscnamh faighte \u00f3 SPNF, a bhfuil an d\u00e1 chomhlacht ag tabhairt roinnt am foirne d\u00f3. T\u00e1 s\u00fail againn go mbeidh an l\u00e1ithre\u00e1n gr\u00e9as\u00e1in seo ina spriocacmhainn d\u00f3ibhsean uile a bhfuil suim acu i bhf\u00e9arthailte leathn\u00e1d\u00fartha a chosaint, agus go mbeidh s\u00e9 ina phointe f\u00f3cais chun bualadh le daoine a bhfuil an dearcadh c\u00e9anna acu agus a bhfuil suim choiteann acu i bhf\u00e9arthailte m\u00f3ra na h\u00c9ireann.<\/p>\n\n<div style=\"height:60px\" aria-hidden=\"true\" class=\"wp-block-spacer\"><\/div>\n\n<figure class=\"wp-block-image aligncenter size-large\"><img loading=\"lazy\" decoding=\"async\" width=\"1024\" height=\"768\" src=\"https:\/\/www.greatirishgrasslands.ie\/wp-content\/uploads\/2022\/08\/VernalGrass-1-1024x768.jpg\" alt=\"Vernal Grass\" class=\"wp-image-197\" srcset=\"https:\/\/www.greatirishgrasslands.ie\/wp-content\/uploads\/2022\/08\/VernalGrass-1-1024x768.jpg 1024w, https:\/\/www.greatirishgrasslands.ie\/wp-content\/uploads\/2022\/08\/VernalGrass-1-300x225.jpg 300w, https:\/\/www.greatirishgrasslands.ie\/wp-content\/uploads\/2022\/08\/VernalGrass-1-768x576.jpg 768w, https:\/\/www.greatirishgrasslands.ie\/wp-content\/uploads\/2022\/08\/VernalGrass-1-1536x1152.jpg 1536w, https:\/\/www.greatirishgrasslands.ie\/wp-content\/uploads\/2022\/08\/VernalGrass-1.jpg 1837w\" sizes=\"auto, (max-width: 1024px) 100vw, 1024px\" \/><\/figure>\n\n<pre class=\"wp-block-verse has-text-align-center\">Is f\u00e9idir teagmh\u00e1il a dh\u00e9anamh le F\u00e9arthailte M\u00f3ra na h\u00c9ireann tr\u00ed <a href=\"mailto:grasslands@housing.gov.ie\">grasslands@housing.gov.ie<\/a> n\u00f3 tr\u00edn\u00e1r <a href=\"https:\/\/www.greatirishgrasslands.ie\/ga\/maidir-le-fearthailte-mora-na-heireann\/dean-teagmhail-linn\/\" data-type=\"page\" data-id=\"27\">bhFoirm Theagmh\u00e1la<\/a>.<\/pre>\n","protected":false},"excerpt":{"rendered":"<p>Is tionscadal \u00e9 \u2018F\u00e9arthailte M\u00f3ra na h\u00c9ireann\u2019 at\u00e1 faoi sti\u00fair gr\u00fapa eolaithe agus d\u00edograiseoir\u00ed at\u00e1 tiomnaithe d\u2019fhaisn\u00e9is a roinnt leat faoi fh\u00e9arthailte leathn\u00e1d\u00fartha. Tabharfaidh an l\u00e1ithre\u00e1n gr\u00e9as\u00e1in seo an fhaisn\u00e9is uile at\u00e1 de dh\u00edth ort chun sult a bhaint as f\u00e9arthailte leathn\u00e1d\u00fartha na h\u00c9ireann agus chun cuidi\u00fa linn iad a sh\u00e1bh\u00e1il, ar cuid de na [&hellip;]<\/p>\n","protected":false},"author":1,"featured_media":338,"parent":0,"menu_order":0,"comment_status":"closed","ping_status":"closed","template":"","meta":{"_acf_changed":false,"_uag_custom_page_level_css":"","site-sidebar-layout":"default","site-content-layout":"","ast-site-content-layout":"default","site-content-style":"default","site-sidebar-style":"default","ast-global-header-display":"","ast-banner-title-visibility":"","ast-main-header-display":"","ast-hfb-above-header-display":"","ast-hfb-below-header-display":"","ast-hfb-mobile-header-display":"","site-post-title":"disabled","ast-breadcrumbs-content":"","ast-featured-img":"","footer-sml-layout":"","ast-disable-related-posts":"","theme-transparent-header-meta":"","adv-header-id-meta":"","stick-header-meta":"","header-above-stick-meta":"","header-main-stick-meta":"","header-below-stick-meta":"","astra-migrate-meta-layouts":"default","ast-page-background-enabled":"default","ast-page-background-meta":{"desktop":{"background-color":"var(--ast-global-color-4)","background-image":"","background-repeat":"repeat","background-position":"center center","background-size":"auto","background-attachment":"scroll","background-type":"","background-media":"","overlay-type":"","overlay-color":"","overlay-opacity":"","overlay-gradient":""},"tablet":{"background-color":"","background-image":"","background-repeat":"repeat","background-position":"center center","background-size":"auto","background-attachment":"scroll","background-type":"","background-media":"","overlay-type":"","overlay-color":"","overlay-opacity":"","overlay-gradient":""},"mobile":{"background-color":"","background-image":"","background-repeat":"repeat","background-position":"center center","background-size":"auto","background-attachment":"scroll","background-type":"","background-media":"","overlay-type":"","overlay-color":"","overlay-opacity":"","overlay-gradient":""}},"ast-content-background-meta":{"desktop":{"background-color":"var(--ast-global-color-5)","background-image":"","background-repeat":"repeat","background-position":"center center","background-size":"auto","background-attachment":"scroll","background-type":"","background-media":"","overlay-type":"","overlay-color":"","overlay-opacity":"","overlay-gradient":""},"tablet":{"background-color":"var(--ast-global-color-5)","background-image":"","background-repeat":"repeat","background-position":"center center","background-size":"auto","background-attachment":"scroll","background-type":"","background-media":"","overlay-type":"","overlay-color":"","overlay-opacity":"","overlay-gradient":""},"mobile":{"background-color":"var(--ast-global-color-5)","background-image":"","background-repeat":"repeat","background-position":"center center","background-size":"auto","background-attachment":"scroll","background-type":"","background-media":"","overlay-type":"","overlay-color":"","overlay-opacity":"","overlay-gradient":""}},"pgc_sgb_lightbox_settings":"","footnotes":""},"class_list":["post-305","page","type-page","status-publish","has-post-thumbnail","hentry"],"acf":[],"yoast_head":"<!-- This site is optimized with the Yoast SEO plugin v27.3 - https:\/\/yoast.com\/product\/yoast-seo-wordpress\/ -->\n<title>Maidir le \u2018F\u00e9arthailte M\u00f3ra na h\u00c9ireann\u2019 - Great Irish Grasslands<\/title>\n<meta name=\"robots\" content=\"index, follow, max-snippet:-1, max-image-preview:large, max-video-preview:-1\" \/>\n<link rel=\"canonical\" href=\"https:\/\/www.greatirishgrasslands.ie\/ga\/maidir-le-fearthailte-mora-na-heireann\/\" \/>\n<meta property=\"og:locale\" content=\"ga_IE\" \/>\n<meta property=\"og:type\" content=\"article\" \/>\n<meta property=\"og:title\" content=\"Maidir le \u2018F\u00e9arthailte M\u00f3ra na h\u00c9ireann\u2019 - Great Irish Grasslands\" \/>\n<meta property=\"og:description\" content=\"Is tionscadal \u00e9 \u2018F\u00e9arthailte M\u00f3ra na h\u00c9ireann\u2019 at\u00e1 faoi sti\u00fair gr\u00fapa eolaithe agus d\u00edograiseoir\u00ed at\u00e1 tiomnaithe d\u2019fhaisn\u00e9is a roinnt leat faoi fh\u00e9arthailte leathn\u00e1d\u00fartha. Tabharfaidh an l\u00e1ithre\u00e1n gr\u00e9as\u00e1in seo an fhaisn\u00e9is uile at\u00e1 de dh\u00edth ort chun sult a bhaint as f\u00e9arthailte leathn\u00e1d\u00fartha na h\u00c9ireann agus chun cuidi\u00fa linn iad a sh\u00e1bh\u00e1il, ar cuid de na [&hellip;]\" \/>\n<meta property=\"og:url\" content=\"https:\/\/www.greatirishgrasslands.ie\/ga\/maidir-le-fearthailte-mora-na-heireann\/\" \/>\n<meta property=\"og:site_name\" content=\"Great Irish Grasslands\" \/>\n<meta property=\"article:modified_time\" content=\"2025-05-08T09:03:44+00:00\" \/>\n<meta property=\"og:image\" content=\"https:\/\/www.greatirishgrasslands.ie\/wp-content\/uploads\/2022\/08\/IMG_0877-sunset-with-knapweed-Peter-Lang-scaled.jpg\" \/>\n\t<meta property=\"og:image:width\" content=\"2560\" \/>\n\t<meta property=\"og:image:height\" content=\"1440\" \/>\n\t<meta property=\"og:image:type\" content=\"image\/jpeg\" \/>\n<meta name=\"twitter:card\" content=\"summary_large_image\" \/>\n<meta name=\"twitter:site\" content=\"@GrasslandsIrl\" \/>\n<meta name=\"twitter:label1\" content=\"Est. reading time\" \/>\n\t<meta name=\"twitter:data1\" content=\"2 minutes\" \/>\n<script type=\"application\/ld+json\" class=\"yoast-schema-graph\">{\"@context\":\"https:\\\/\\\/schema.org\",\"@graph\":[{\"@type\":\"WebPage\",\"@id\":\"https:\\\/\\\/www.greatirishgrasslands.ie\\\/ga\\\/maidir-le-fearthailte-mora-na-heireann\\\/\",\"url\":\"https:\\\/\\\/www.greatirishgrasslands.ie\\\/ga\\\/maidir-le-fearthailte-mora-na-heireann\\\/\",\"name\":\"Maidir le \u2018F\u00e9arthailte M\u00f3ra na h\u00c9ireann\u2019 - Great Irish Grasslands\",\"isPartOf\":{\"@id\":\"https:\\\/\\\/www.greatirishgrasslands.ie\\\/ga\\\/#website\"},\"primaryImageOfPage\":{\"@id\":\"https:\\\/\\\/www.greatirishgrasslands.ie\\\/ga\\\/maidir-le-fearthailte-mora-na-heireann\\\/#primaryimage\"},\"image\":{\"@id\":\"https:\\\/\\\/www.greatirishgrasslands.ie\\\/ga\\\/maidir-le-fearthailte-mora-na-heireann\\\/#primaryimage\"},\"thumbnailUrl\":\"https:\\\/\\\/www.greatirishgrasslands.ie\\\/wp-content\\\/uploads\\\/2022\\\/08\\\/IMG_0877-sunset-with-knapweed-Peter-Lang-scaled.jpg\",\"datePublished\":\"2022-08-02T11:12:25+00:00\",\"dateModified\":\"2025-05-08T09:03:44+00:00\",\"breadcrumb\":{\"@id\":\"https:\\\/\\\/www.greatirishgrasslands.ie\\\/ga\\\/maidir-le-fearthailte-mora-na-heireann\\\/#breadcrumb\"},\"inLanguage\":\"ga-IE\",\"potentialAction\":[{\"@type\":\"ReadAction\",\"target\":[\"https:\\\/\\\/www.greatirishgrasslands.ie\\\/ga\\\/maidir-le-fearthailte-mora-na-heireann\\\/\"]}]},{\"@type\":\"ImageObject\",\"inLanguage\":\"ga-IE\",\"@id\":\"https:\\\/\\\/www.greatirishgrasslands.ie\\\/ga\\\/maidir-le-fearthailte-mora-na-heireann\\\/#primaryimage\",\"url\":\"https:\\\/\\\/www.greatirishgrasslands.ie\\\/wp-content\\\/uploads\\\/2022\\\/08\\\/IMG_0877-sunset-with-knapweed-Peter-Lang-scaled.jpg\",\"contentUrl\":\"https:\\\/\\\/www.greatirishgrasslands.ie\\\/wp-content\\\/uploads\\\/2022\\\/08\\\/IMG_0877-sunset-with-knapweed-Peter-Lang-scaled.jpg\",\"width\":2560,\"height\":1440},{\"@type\":\"BreadcrumbList\",\"@id\":\"https:\\\/\\\/www.greatirishgrasslands.ie\\\/ga\\\/maidir-le-fearthailte-mora-na-heireann\\\/#breadcrumb\",\"itemListElement\":[{\"@type\":\"ListItem\",\"position\":1,\"name\":\"Home\",\"item\":\"https:\\\/\\\/www.greatirishgrasslands.ie\\\/ga\\\/\"},{\"@type\":\"ListItem\",\"position\":2,\"name\":\"Maidir le \u2018F\u00e9arthailte M\u00f3ra na h\u00c9ireann\u2019\"}]},{\"@type\":\"WebSite\",\"@id\":\"https:\\\/\\\/www.greatirishgrasslands.ie\\\/ga\\\/#website\",\"url\":\"https:\\\/\\\/www.greatirishgrasslands.ie\\\/ga\\\/\",\"name\":\"Great Irish Grasslands\",\"description\":\"\",\"publisher\":{\"@id\":\"https:\\\/\\\/www.greatirishgrasslands.ie\\\/ga\\\/#organization\"},\"potentialAction\":[{\"@type\":\"SearchAction\",\"target\":{\"@type\":\"EntryPoint\",\"urlTemplate\":\"https:\\\/\\\/www.greatirishgrasslands.ie\\\/ga\\\/?s={search_term_string}\"},\"query-input\":{\"@type\":\"PropertyValueSpecification\",\"valueRequired\":true,\"valueName\":\"search_term_string\"}}],\"inLanguage\":\"ga-IE\"},{\"@type\":\"Organization\",\"@id\":\"https:\\\/\\\/www.greatirishgrasslands.ie\\\/ga\\\/#organization\",\"name\":\"Department of Housing, Local Government and Heritage\",\"url\":\"https:\\\/\\\/www.greatirishgrasslands.ie\\\/ga\\\/\",\"logo\":{\"@type\":\"ImageObject\",\"inLanguage\":\"ga-IE\",\"@id\":\"https:\\\/\\\/www.greatirishgrasslands.ie\\\/ga\\\/#\\\/schema\\\/logo\\\/image\\\/\",\"url\":\"https:\\\/\\\/www.greatirishgrasslands.ie\\\/wp-content\\\/uploads\\\/2022\\\/08\\\/GreatIrishGrasslands.png\",\"contentUrl\":\"https:\\\/\\\/www.greatirishgrasslands.ie\\\/wp-content\\\/uploads\\\/2022\\\/08\\\/GreatIrishGrasslands.png\",\"width\":945,\"height\":945,\"caption\":\"Department of Housing, Local Government and Heritage\"},\"image\":{\"@id\":\"https:\\\/\\\/www.greatirishgrasslands.ie\\\/ga\\\/#\\\/schema\\\/logo\\\/image\\\/\"},\"sameAs\":[\"https:\\\/\\\/x.com\\\/GrasslandsIrl\",\"https:\\\/\\\/www.youtube.com\\\/watch?v=LciwCxv7khk&list=PLWta3HlsVdFaNJRQJCwtd3qfuu-nq9zD4\"]}]}<\/script>\n<!-- \/ Yoast SEO plugin. -->","yoast_head_json":{"title":"Maidir le \u2018F\u00e9arthailte M\u00f3ra na h\u00c9ireann\u2019 - Great Irish Grasslands","robots":{"index":"index","follow":"follow","max-snippet":"max-snippet:-1","max-image-preview":"max-image-preview:large","max-video-preview":"max-video-preview:-1"},"canonical":"https:\/\/www.greatirishgrasslands.ie\/ga\/maidir-le-fearthailte-mora-na-heireann\/","og_locale":"ga_IE","og_type":"article","og_title":"Maidir le \u2018F\u00e9arthailte M\u00f3ra na h\u00c9ireann\u2019 - Great Irish Grasslands","og_description":"Is tionscadal \u00e9 \u2018F\u00e9arthailte M\u00f3ra na h\u00c9ireann\u2019 at\u00e1 faoi sti\u00fair gr\u00fapa eolaithe agus d\u00edograiseoir\u00ed at\u00e1 tiomnaithe d\u2019fhaisn\u00e9is a roinnt leat faoi fh\u00e9arthailte leathn\u00e1d\u00fartha. Tabharfaidh an l\u00e1ithre\u00e1n gr\u00e9as\u00e1in seo an fhaisn\u00e9is uile at\u00e1 de dh\u00edth ort chun sult a bhaint as f\u00e9arthailte leathn\u00e1d\u00fartha na h\u00c9ireann agus chun cuidi\u00fa linn iad a sh\u00e1bh\u00e1il, ar cuid de na [&hellip;]","og_url":"https:\/\/www.greatirishgrasslands.ie\/ga\/maidir-le-fearthailte-mora-na-heireann\/","og_site_name":"Great Irish Grasslands","article_modified_time":"2025-05-08T09:03:44+00:00","og_image":[{"width":2560,"height":1440,"url":"https:\/\/www.greatirishgrasslands.ie\/wp-content\/uploads\/2022\/08\/IMG_0877-sunset-with-knapweed-Peter-Lang-scaled.jpg","type":"image\/jpeg"}],"twitter_card":"summary_large_image","twitter_site":"@GrasslandsIrl","twitter_misc":{"Est. reading time":"2 minutes"},"schema":{"@context":"https:\/\/schema.org","@graph":[{"@type":"WebPage","@id":"https:\/\/www.greatirishgrasslands.ie\/ga\/maidir-le-fearthailte-mora-na-heireann\/","url":"https:\/\/www.greatirishgrasslands.ie\/ga\/maidir-le-fearthailte-mora-na-heireann\/","name":"Maidir le \u2018F\u00e9arthailte M\u00f3ra na h\u00c9ireann\u2019 - Great Irish Grasslands","isPartOf":{"@id":"https:\/\/www.greatirishgrasslands.ie\/ga\/#website"},"primaryImageOfPage":{"@id":"https:\/\/www.greatirishgrasslands.ie\/ga\/maidir-le-fearthailte-mora-na-heireann\/#primaryimage"},"image":{"@id":"https:\/\/www.greatirishgrasslands.ie\/ga\/maidir-le-fearthailte-mora-na-heireann\/#primaryimage"},"thumbnailUrl":"https:\/\/www.greatirishgrasslands.ie\/wp-content\/uploads\/2022\/08\/IMG_0877-sunset-with-knapweed-Peter-Lang-scaled.jpg","datePublished":"2022-08-02T11:12:25+00:00","dateModified":"2025-05-08T09:03:44+00:00","breadcrumb":{"@id":"https:\/\/www.greatirishgrasslands.ie\/ga\/maidir-le-fearthailte-mora-na-heireann\/#breadcrumb"},"inLanguage":"ga-IE","potentialAction":[{"@type":"ReadAction","target":["https:\/\/www.greatirishgrasslands.ie\/ga\/maidir-le-fearthailte-mora-na-heireann\/"]}]},{"@type":"ImageObject","inLanguage":"ga-IE","@id":"https:\/\/www.greatirishgrasslands.ie\/ga\/maidir-le-fearthailte-mora-na-heireann\/#primaryimage","url":"https:\/\/www.greatirishgrasslands.ie\/wp-content\/uploads\/2022\/08\/IMG_0877-sunset-with-knapweed-Peter-Lang-scaled.jpg","contentUrl":"https:\/\/www.greatirishgrasslands.ie\/wp-content\/uploads\/2022\/08\/IMG_0877-sunset-with-knapweed-Peter-Lang-scaled.jpg","width":2560,"height":1440},{"@type":"BreadcrumbList","@id":"https:\/\/www.greatirishgrasslands.ie\/ga\/maidir-le-fearthailte-mora-na-heireann\/#breadcrumb","itemListElement":[{"@type":"ListItem","position":1,"name":"Home","item":"https:\/\/www.greatirishgrasslands.ie\/ga\/"},{"@type":"ListItem","position":2,"name":"Maidir le \u2018F\u00e9arthailte M\u00f3ra na h\u00c9ireann\u2019"}]},{"@type":"WebSite","@id":"https:\/\/www.greatirishgrasslands.ie\/ga\/#website","url":"https:\/\/www.greatirishgrasslands.ie\/ga\/","name":"Great Irish Grasslands","description":"","publisher":{"@id":"https:\/\/www.greatirishgrasslands.ie\/ga\/#organization"},"potentialAction":[{"@type":"SearchAction","target":{"@type":"EntryPoint","urlTemplate":"https:\/\/www.greatirishgrasslands.ie\/ga\/?s={search_term_string}"},"query-input":{"@type":"PropertyValueSpecification","valueRequired":true,"valueName":"search_term_string"}}],"inLanguage":"ga-IE"},{"@type":"Organization","@id":"https:\/\/www.greatirishgrasslands.ie\/ga\/#organization","name":"Department of Housing, Local Government and Heritage","url":"https:\/\/www.greatirishgrasslands.ie\/ga\/","logo":{"@type":"ImageObject","inLanguage":"ga-IE","@id":"https:\/\/www.greatirishgrasslands.ie\/ga\/#\/schema\/logo\/image\/","url":"https:\/\/www.greatirishgrasslands.ie\/wp-content\/uploads\/2022\/08\/GreatIrishGrasslands.png","contentUrl":"https:\/\/www.greatirishgrasslands.ie\/wp-content\/uploads\/2022\/08\/GreatIrishGrasslands.png","width":945,"height":945,"caption":"Department of Housing, Local Government and Heritage"},"image":{"@id":"https:\/\/www.greatirishgrasslands.ie\/ga\/#\/schema\/logo\/image\/"},"sameAs":["https:\/\/x.com\/GrasslandsIrl","https:\/\/www.youtube.com\/watch?v=LciwCxv7khk&list=PLWta3HlsVdFaNJRQJCwtd3qfuu-nq9zD4"]}]}},"spectra_custom_meta":{"_top_nav_excluded":[""],"_cms_nav_minihome":[""],"_last_translation_edit_mode":["translation-editor"],"_wpml_media_duplicate":["1"],"_wp_page_template":[""],"_wpml_word_count":["419"],"_thumbnail_id":["338"],"_wpml_media_featured":["1"],"_cmplz_scanned_post":["1"],"ast-main-header-display":[""],"ast-hfb-above-header-display":[""],"ast-hfb-below-header-display":[""],"ast-hfb-mobile-header-display":[""],"adv-header-id-meta":[""],"footer-sml-layout":[""],"stick-header-meta":[""],"header-main-stick-meta":[""],"header-above-stick-meta":[""],"header-below-stick-meta":[""],"site-post-title":["disabled"],"site-sidebar-layout":["default"],"site-content-layout":[""],"ast-featured-img":[""],"ast-breadcrumbs-content":[""],"theme-transparent-header-meta":[""],"ast-banner-title-visibility":[""],"ast-global-header-display":[""],"ast-site-content-layout":["default"],"site-content-style":["default"],"site-sidebar-style":["default"],"_uagb_previous_block_counts":["a:90:{s:21:\"uagb\/advanced-heading\";i:0;s:15:\"uagb\/blockquote\";i:0;s:12:\"uagb\/buttons\";i:0;s:18:\"uagb\/buttons-child\";i:0;s:19:\"uagb\/call-to-action\";i:0;s:15:\"uagb\/cf7-styler\";i:0;s:11:\"uagb\/column\";i:0;s:12:\"uagb\/columns\";i:0;s:14:\"uagb\/container\";i:0;s:21:\"uagb\/content-timeline\";i:0;s:27:\"uagb\/content-timeline-child\";i:0;s:14:\"uagb\/countdown\";i:0;s:12:\"uagb\/counter\";i:0;s:8:\"uagb\/faq\";i:0;s:14:\"uagb\/faq-child\";i:0;s:10:\"uagb\/forms\";i:0;s:17:\"uagb\/forms-accept\";i:0;s:19:\"uagb\/forms-checkbox\";i:0;s:15:\"uagb\/forms-date\";i:0;s:16:\"uagb\/forms-email\";i:0;s:17:\"uagb\/forms-hidden\";i:0;s:15:\"uagb\/forms-name\";i:0;s:16:\"uagb\/forms-phone\";i:0;s:16:\"uagb\/forms-radio\";i:0;s:17:\"uagb\/forms-select\";i:0;s:19:\"uagb\/forms-textarea\";i:0;s:17:\"uagb\/forms-toggle\";i:0;s:14:\"uagb\/forms-url\";i:0;s:14:\"uagb\/gf-styler\";i:0;s:15:\"uagb\/google-map\";i:0;s:11:\"uagb\/how-to\";i:0;s:16:\"uagb\/how-to-step\";i:0;s:9:\"uagb\/icon\";i:0;s:14:\"uagb\/icon-list\";i:0;s:20:\"uagb\/icon-list-child\";i:0;s:10:\"uagb\/image\";i:0;s:18:\"uagb\/image-gallery\";i:0;s:13:\"uagb\/info-box\";i:0;s:18:\"uagb\/inline-notice\";i:0;s:11:\"uagb\/lottie\";i:0;s:21:\"uagb\/marketing-button\";i:0;s:10:\"uagb\/modal\";i:0;s:18:\"uagb\/popup-builder\";i:0;s:16:\"uagb\/post-button\";i:0;s:18:\"uagb\/post-carousel\";i:0;s:17:\"uagb\/post-excerpt\";i:0;s:14:\"uagb\/post-grid\";i:0;s:15:\"uagb\/post-image\";i:0;s:17:\"uagb\/post-masonry\";i:0;s:14:\"uagb\/post-meta\";i:0;s:18:\"uagb\/post-taxonomy\";i:0;s:18:\"uagb\/post-timeline\";i:0;s:15:\"uagb\/post-title\";i:0;s:20:\"uagb\/restaurant-menu\";i:0;s:26:\"uagb\/restaurant-menu-child\";i:0;s:11:\"uagb\/review\";i:0;s:12:\"uagb\/section\";i:0;s:14:\"uagb\/separator\";i:0;s:11:\"uagb\/slider\";i:0;s:17:\"uagb\/slider-child\";i:0;s:17:\"uagb\/social-share\";i:0;s:23:\"uagb\/social-share-child\";i:0;s:16:\"uagb\/star-rating\";i:0;s:23:\"uagb\/sure-cart-checkout\";i:0;s:22:\"uagb\/sure-cart-product\";i:0;s:15:\"uagb\/sure-forms\";i:0;s:22:\"uagb\/table-of-contents\";i:0;s:9:\"uagb\/tabs\";i:0;s:15:\"uagb\/tabs-child\";i:0;s:18:\"uagb\/taxonomy-list\";i:0;s:9:\"uagb\/team\";i:0;s:16:\"uagb\/testimonial\";i:0;s:14:\"uagb\/wp-search\";i:0;s:19:\"uagb\/instagram-feed\";i:0;s:10:\"uagb\/login\";i:0;s:17:\"uagb\/loop-builder\";i:0;s:18:\"uagb\/loop-category\";i:0;s:20:\"uagb\/loop-pagination\";i:0;s:15:\"uagb\/loop-reset\";i:0;s:16:\"uagb\/loop-search\";i:0;s:14:\"uagb\/loop-sort\";i:0;s:17:\"uagb\/loop-wrapper\";i:0;s:13:\"uagb\/register\";i:0;s:19:\"uagb\/register-email\";i:0;s:24:\"uagb\/register-first-name\";i:0;s:23:\"uagb\/register-last-name\";i:0;s:22:\"uagb\/register-password\";i:0;s:30:\"uagb\/register-reenter-password\";i:0;s:19:\"uagb\/register-terms\";i:0;s:22:\"uagb\/register-username\";i:0;}"],"_uag_page_assets":["a:9:{s:3:\"css\";s:0:\"\";s:2:\"js\";s:0:\"\";s:18:\"current_block_list\";a:13:{i:0;s:14:\"core\/paragraph\";i:1;s:9:\"core\/list\";i:2;s:14:\"core\/list-item\";i:3;s:11:\"core\/spacer\";i:4;s:10:\"core\/image\";i:5;s:10:\"core\/verse\";i:6;s:11:\"core\/search\";i:7;s:10:\"core\/group\";i:8;s:12:\"core\/heading\";i:9;s:17:\"core\/latest-posts\";i:10;s:20:\"core\/latest-comments\";i:11;s:13:\"core\/archives\";i:12;s:15:\"core\/categories\";}s:8:\"uag_flag\";b:0;s:11:\"uag_version\";s:10:\"1776081036\";s:6:\"gfonts\";a:0:{}s:10:\"gfonts_url\";s:0:\"\";s:12:\"gfonts_files\";a:0:{}s:14:\"uag_faq_layout\";b:0;}"]},"uagb_featured_image_src":{"full":["https:\/\/www.greatirishgrasslands.ie\/wp-content\/uploads\/2022\/08\/IMG_0877-sunset-with-knapweed-Peter-Lang-scaled.jpg",2560,1440,false],"thumbnail":["https:\/\/www.greatirishgrasslands.ie\/wp-content\/uploads\/2022\/08\/IMG_0877-sunset-with-knapweed-Peter-Lang-150x150.jpg",150,150,true],"medium":["https:\/\/www.greatirishgrasslands.ie\/wp-content\/uploads\/2022\/08\/IMG_0877-sunset-with-knapweed-Peter-Lang-300x169.jpg",300,169,true],"medium_large":["https:\/\/www.greatirishgrasslands.ie\/wp-content\/uploads\/2022\/08\/IMG_0877-sunset-with-knapweed-Peter-Lang-768x432.jpg",768,432,true],"large":["https:\/\/www.greatirishgrasslands.ie\/wp-content\/uploads\/2022\/08\/IMG_0877-sunset-with-knapweed-Peter-Lang-1024x576.jpg",1024,576,true],"1536x1536":["https:\/\/www.greatirishgrasslands.ie\/wp-content\/uploads\/2022\/08\/IMG_0877-sunset-with-knapweed-Peter-Lang-1536x864.jpg",1536,864,true],"2048x2048":["https:\/\/www.greatirishgrasslands.ie\/wp-content\/uploads\/2022\/08\/IMG_0877-sunset-with-knapweed-Peter-Lang-2048x1152.jpg",2048,1152,true]},"uagb_author_info":{"display_name":"bobbyjo","author_link":"https:\/\/www.greatirishgrasslands.ie\/ga\/author\/bobbyjo\/"},"uagb_comment_info":0,"uagb_excerpt":"Is tionscadal \u00e9 \u2018F\u00e9arthailte M\u00f3ra na h\u00c9ireann\u2019 at\u00e1 faoi sti\u00fair gr\u00fapa eolaithe agus d\u00edograiseoir\u00ed at\u00e1 tiomnaithe d\u2019fhaisn\u00e9is a roinnt leat faoi fh\u00e9arthailte leathn\u00e1d\u00fartha. Tabharfaidh an l\u00e1ithre\u00e1n gr\u00e9as\u00e1in seo an fhaisn\u00e9is uile at\u00e1 de dh\u00edth ort chun sult a bhaint as f\u00e9arthailte leathn\u00e1d\u00fartha na h\u00c9ireann agus chun cuidi\u00fa linn iad a sh\u00e1bh\u00e1il, ar cuid de na&hellip;","_links":{"self":[{"href":"https:\/\/www.greatirishgrasslands.ie\/ga\/wp-json\/wp\/v2\/pages\/305","targetHints":{"allow":["GET"]}}],"collection":[{"href":"https:\/\/www.greatirishgrasslands.ie\/ga\/wp-json\/wp\/v2\/pages"}],"about":[{"href":"https:\/\/www.greatirishgrasslands.ie\/ga\/wp-json\/wp\/v2\/types\/page"}],"author":[{"embeddable":true,"href":"https:\/\/www.greatirishgrasslands.ie\/ga\/wp-json\/wp\/v2\/users\/1"}],"replies":[{"embeddable":true,"href":"https:\/\/www.greatirishgrasslands.ie\/ga\/wp-json\/wp\/v2\/comments?post=305"}],"version-history":[{"count":13,"href":"https:\/\/www.greatirishgrasslands.ie\/ga\/wp-json\/wp\/v2\/pages\/305\/revisions"}],"predecessor-version":[{"id":2124,"href":"https:\/\/www.greatirishgrasslands.ie\/ga\/wp-json\/wp\/v2\/pages\/305\/revisions\/2124"}],"wp:featuredmedia":[{"embeddable":true,"href":"https:\/\/www.greatirishgrasslands.ie\/ga\/wp-json\/wp\/v2\/media\/338"}],"wp:attachment":[{"href":"https:\/\/www.greatirishgrasslands.ie\/ga\/wp-json\/wp\/v2\/media?parent=305"}],"curies":[{"name":"wp","href":"https:\/\/api.w.org\/{rel}","templated":true}]}}