{"id":1167,"date":"2023-09-22T13:46:07","date_gmt":"2023-09-22T13:46:07","guid":{"rendered":"https:\/\/www.greatirishgrasslands.ie\/learn-more-about-grasslands\/fungais-fearaigh\/"},"modified":"2025-05-08T09:05:42","modified_gmt":"2025-05-08T09:05:42","slug":"fungais-fearaigh","status":"publish","type":"page","link":"https:\/\/www.greatirishgrasslands.ie\/ga\/learn-more-about-grasslands\/fungais-fearaigh\/","title":{"rendered":"Fungais F\u00e9araigh"},"content":{"rendered":"\n<p>Gr\u00fapa amh\u00e1in org\u00e1nach is f\u00e9idir a \u00fas\u00e1id chun c\u00e1il\u00edocht na bhf\u00e9arach a mheas is ea fungais f\u00e9araigh. T\u00e1 na speicis seo n\u00edos suntasa\u00ed go luath san Fh\u00f3mhar. F\u00e9adann s\u00e9 a bheith deacair do thosaitheoir\u00ed n\u00f3 do fheabhsaitheoir faisn\u00e9is at\u00e1 \u00e9asca le h\u00fas\u00e1id agus a bhaineann go sonrach le h\u00c9irinn a fh\u00e1il ar na fungais seo. T\u00e1 an leabhr\u00e1n \u2018R\u00e9amhr\u00e1 fungas f\u00e9araigh\u2019 curtha le ch\u00e9ile ag Mark Wright \u00f3n Roinn Talmha\u00edochta, Comhshaoil agus Gn\u00f3tha\u00ed Tuaithe (RTCGT) i dTuaisceart \u00c9ireann le haghaidh c\u00farsa\u00ed oili\u00fana, agus t\u00e1 l\u00fach\u00e1ir orainn \u00e9 a roinnt anseo mar <a href=\"https:\/\/www.greatirishgrasslands.ie\/wp-content\/uploads\/2023\/09\/Introduction-To-Grassland-Fungi.pdf\" target=\"_blank\" rel=\"noreferrer noopener\">acmhainn in-\u00edosl\u00f3d\u00e1ilte<\/a>.<\/p>\n\n<p>I bhfocail Mark:<\/p>\n\n<blockquote class=\"wp-block-quote is-layout-flow wp-block-quote-is-layout-flow\">\n<p>\u2018T\u00e1 an treoir tosaigh seo maidir le fungais f\u00e9araigh tar \u00e9is teacht chun cinn as acmhainn\u00ed a ullmha\u00edodh do shraith ceardlann um aithint fungas f\u00e9araigh \u2026 thar roinnt blianta. Cuirtear le ch\u00e9ile iad anseo chun daoine a spreagadh at\u00e1 ag iarraidh eolas a fh\u00e1il ar ainmneacha cuid de na beac\u00e1in is ildaite at\u00e1 againn.\u2019<\/p>\n\n\n\n<p>Bh\u00ed an chuid is m\u00f3 de na c\u00farsa\u00ed oili\u00fana \u2026 i dTuaisceart \u00c9ireann, ach t\u00e1 \u00e1bhar an treoir seo saibhrithe le roinnt c\u00farsa\u00ed a rinneadh i gcomhph\u00e1irt\u00edocht leis an tSeirbh\u00eds P\u00e1irceanna N\u00e1isi\u00fanta agus Fiadh\u00falra mar chuid de thionscadal Great Irish Grasslands. T\u00e1 na h\u00e1bhair an treoir seo chomh infheidhme ar fud oile\u00e1n na h\u00c9ireann ar fad.\u2019<\/p>\n<\/blockquote>\n\n<p>T\u00e1 s\u00fail againn go mbainfidh t\u00fa taitneamh as foghlaim faoi na horg\u00e1naigh shuimi\u00fala seo!<\/p>\n\n<figure class=\"wp-block-image aligncenter size-full has-custom-border\"><a href=\"https:\/\/www.greatirishgrasslands.ie\/wp-content\/uploads\/2023\/09\/Introduction-To-Grassland-Fungi.pdf\" target=\"_blank\" rel=\"noreferrer noopener\"><img loading=\"lazy\" decoding=\"async\" width=\"454\" height=\"643\" src=\"https:\/\/www.greatirishgrasslands.ie\/wp-content\/uploads\/2023\/09\/Introduction-To-Grassland-Fungi-Cover.png\" alt=\"R&#xE9;amhr&#xE1; Fungas F&#xE9;araigh\" class=\"wp-image-1151\" style=\"border-width:2px\" srcset=\"https:\/\/www.greatirishgrasslands.ie\/wp-content\/uploads\/2023\/09\/Introduction-To-Grassland-Fungi-Cover.png 454w, https:\/\/www.greatirishgrasslands.ie\/wp-content\/uploads\/2023\/09\/Introduction-To-Grassland-Fungi-Cover-212x300.png 212w\" sizes=\"auto, (max-width: 454px) 100vw, 454px\" \/><\/a><figcaption class=\"wp-element-caption\"><a href=\"https:\/\/www.greatirishgrasslands.ie\/wp-content\/uploads\/2023\/09\/Introduction-To-Grassland-Fungi.pdf\" target=\"_blank\" rel=\"noreferrer noopener\">\u00cdosl\u00f3d\u00e1il An R\u00e9amhr\u00e1 Fungas F\u00e9araigh<\/a><\/figcaption><\/figure>\n","protected":false},"excerpt":{"rendered":"<p>Gr\u00fapa amh\u00e1in org\u00e1nach is f\u00e9idir a \u00fas\u00e1id chun c\u00e1il\u00edocht na bhf\u00e9arach a mheas is ea fungais f\u00e9araigh. T\u00e1 na speicis seo n\u00edos suntasa\u00ed go luath san Fh\u00f3mhar. F\u00e9adann s\u00e9 a bheith deacair do thosaitheoir\u00ed n\u00f3 do fheabhsaitheoir faisn\u00e9is at\u00e1 \u00e9asca le h\u00fas\u00e1id agus a bhaineann go sonrach le h\u00c9irinn a fh\u00e1il ar na fungais seo. [&hellip;]<\/p>\n","protected":false},"author":1,"featured_media":1165,"parent":318,"menu_order":0,"comment_status":"closed","ping_status":"closed","template":"","meta":{"_acf_changed":false,"_uag_custom_page_level_css":"","site-sidebar-layout":"default","site-content-layout":"","ast-site-content-layout":"default","site-content-style":"default","site-sidebar-style":"default","ast-global-header-display":"","ast-banner-title-visibility":"","ast-main-header-display":"","ast-hfb-above-header-display":"","ast-hfb-below-header-display":"","ast-hfb-mobile-header-display":"","site-post-title":"disabled","ast-breadcrumbs-content":"","ast-featured-img":"","footer-sml-layout":"","ast-disable-related-posts":"","theme-transparent-header-meta":"","adv-header-id-meta":"","stick-header-meta":"","header-above-stick-meta":"","header-main-stick-meta":"","header-below-stick-meta":"","astra-migrate-meta-layouts":"default","ast-page-background-enabled":"default","ast-page-background-meta":{"desktop":{"background-color":"var(--ast-global-color-4)","background-image":"","background-repeat":"repeat","background-position":"center center","background-size":"auto","background-attachment":"scroll","background-type":"","background-media":"","overlay-type":"","overlay-color":"","overlay-opacity":"","overlay-gradient":""},"tablet":{"background-color":"","background-image":"","background-repeat":"repeat","background-position":"center center","background-size":"auto","background-attachment":"scroll","background-type":"","background-media":"","overlay-type":"","overlay-color":"","overlay-opacity":"","overlay-gradient":""},"mobile":{"background-color":"","background-image":"","background-repeat":"repeat","background-position":"center center","background-size":"auto","background-attachment":"scroll","background-type":"","background-media":"","overlay-type":"","overlay-color":"","overlay-opacity":"","overlay-gradient":""}},"ast-content-background-meta":{"desktop":{"background-color":"var(--ast-global-color-5)","background-image":"","background-repeat":"repeat","background-position":"center center","background-size":"auto","background-attachment":"scroll","background-type":"","background-media":"","overlay-type":"","overlay-color":"","overlay-opacity":"","overlay-gradient":""},"tablet":{"background-color":"var(--ast-global-color-5)","background-image":"","background-repeat":"repeat","background-position":"center center","background-size":"auto","background-attachment":"scroll","background-type":"","background-media":"","overlay-type":"","overlay-color":"","overlay-opacity":"","overlay-gradient":""},"mobile":{"background-color":"var(--ast-global-color-5)","background-image":"","background-repeat":"repeat","background-position":"center center","background-size":"auto","background-attachment":"scroll","background-type":"","background-media":"","overlay-type":"","overlay-color":"","overlay-opacity":"","overlay-gradient":""}},"pgc_sgb_lightbox_settings":"","footnotes":""},"class_list":["post-1167","page","type-page","status-publish","has-post-thumbnail","hentry"],"acf":[],"yoast_head":"<!-- This site is optimized with the Yoast SEO plugin v27.5 - https:\/\/yoast.com\/product\/yoast-seo-wordpress\/ -->\n<title>Fungais F\u00e9araigh - Great Irish Grasslands<\/title>\n<meta name=\"robots\" content=\"index, follow, max-snippet:-1, max-image-preview:large, max-video-preview:-1\" \/>\n<link rel=\"canonical\" href=\"https:\/\/www.greatirishgrasslands.ie\/ga\/learn-more-about-grasslands\/fungais-fearaigh\/\" \/>\n<meta property=\"og:locale\" content=\"ga_IE\" \/>\n<meta property=\"og:type\" content=\"article\" \/>\n<meta property=\"og:title\" content=\"Fungais F\u00e9araigh - Great Irish Grasslands\" \/>\n<meta property=\"og:description\" content=\"Gr\u00fapa amh\u00e1in org\u00e1nach is f\u00e9idir a \u00fas\u00e1id chun c\u00e1il\u00edocht na bhf\u00e9arach a mheas is ea fungais f\u00e9araigh. T\u00e1 na speicis seo n\u00edos suntasa\u00ed go luath san Fh\u00f3mhar. F\u00e9adann s\u00e9 a bheith deacair do thosaitheoir\u00ed n\u00f3 do fheabhsaitheoir faisn\u00e9is at\u00e1 \u00e9asca le h\u00fas\u00e1id agus a bhaineann go sonrach le h\u00c9irinn a fh\u00e1il ar na fungais seo. [&hellip;]\" \/>\n<meta property=\"og:url\" content=\"https:\/\/www.greatirishgrasslands.ie\/ga\/learn-more-about-grasslands\/fungais-fearaigh\/\" \/>\n<meta property=\"og:site_name\" content=\"Great Irish Grasslands\" \/>\n<meta property=\"article:modified_time\" content=\"2025-05-08T09:05:42+00:00\" \/>\n<meta property=\"og:image\" content=\"https:\/\/www.greatirishgrasslands.ie\/wp-content\/uploads\/2023\/09\/banner-1024x1024.jpg\" \/>\n\t<meta property=\"og:image:width\" content=\"1024\" \/>\n\t<meta property=\"og:image:height\" content=\"1024\" \/>\n\t<meta property=\"og:image:type\" content=\"image\/jpeg\" \/>\n<meta name=\"twitter:card\" content=\"summary_large_image\" \/>\n<meta name=\"twitter:site\" content=\"@GrasslandsIrl\" \/>\n<meta name=\"twitter:label1\" content=\"Est. reading time\" \/>\n\t<meta name=\"twitter:data1\" content=\"1 minute\" \/>\n<script type=\"application\/ld+json\" class=\"yoast-schema-graph\">{\"@context\":\"https:\\\/\\\/schema.org\",\"@graph\":[{\"@type\":\"WebPage\",\"@id\":\"https:\\\/\\\/www.greatirishgrasslands.ie\\\/ga\\\/learn-more-about-grasslands\\\/fungais-fearaigh\\\/\",\"url\":\"https:\\\/\\\/www.greatirishgrasslands.ie\\\/ga\\\/learn-more-about-grasslands\\\/fungais-fearaigh\\\/\",\"name\":\"Fungais F\u00e9araigh - Great Irish Grasslands\",\"isPartOf\":{\"@id\":\"https:\\\/\\\/www.greatirishgrasslands.ie\\\/ga\\\/#website\"},\"primaryImageOfPage\":{\"@id\":\"https:\\\/\\\/www.greatirishgrasslands.ie\\\/ga\\\/learn-more-about-grasslands\\\/fungais-fearaigh\\\/#primaryimage\"},\"image\":{\"@id\":\"https:\\\/\\\/www.greatirishgrasslands.ie\\\/ga\\\/learn-more-about-grasslands\\\/fungais-fearaigh\\\/#primaryimage\"},\"thumbnailUrl\":\"https:\\\/\\\/www.greatirishgrasslands.ie\\\/wp-content\\\/uploads\\\/2023\\\/09\\\/banner.jpg\",\"datePublished\":\"2023-09-22T13:46:07+00:00\",\"dateModified\":\"2025-05-08T09:05:42+00:00\",\"breadcrumb\":{\"@id\":\"https:\\\/\\\/www.greatirishgrasslands.ie\\\/ga\\\/learn-more-about-grasslands\\\/fungais-fearaigh\\\/#breadcrumb\"},\"inLanguage\":\"ga-IE\",\"potentialAction\":[{\"@type\":\"ReadAction\",\"target\":[\"https:\\\/\\\/www.greatirishgrasslands.ie\\\/ga\\\/learn-more-about-grasslands\\\/fungais-fearaigh\\\/\"]}]},{\"@type\":\"ImageObject\",\"inLanguage\":\"ga-IE\",\"@id\":\"https:\\\/\\\/www.greatirishgrasslands.ie\\\/ga\\\/learn-more-about-grasslands\\\/fungais-fearaigh\\\/#primaryimage\",\"url\":\"https:\\\/\\\/www.greatirishgrasslands.ie\\\/wp-content\\\/uploads\\\/2023\\\/09\\\/banner.jpg\",\"contentUrl\":\"https:\\\/\\\/www.greatirishgrasslands.ie\\\/wp-content\\\/uploads\\\/2023\\\/09\\\/banner.jpg\",\"width\":1961,\"height\":1960},{\"@type\":\"BreadcrumbList\",\"@id\":\"https:\\\/\\\/www.greatirishgrasslands.ie\\\/ga\\\/learn-more-about-grasslands\\\/fungais-fearaigh\\\/#breadcrumb\",\"itemListElement\":[{\"@type\":\"ListItem\",\"position\":1,\"name\":\"Home\",\"item\":\"https:\\\/\\\/www.greatirishgrasslands.ie\\\/ga\\\/\"},{\"@type\":\"ListItem\",\"position\":2,\"name\":\"Faigh amach tuileadh faoi Fh\u00e9arthailte\",\"item\":\"https:\\\/\\\/www.greatirishgrasslands.ie\\\/ga\\\/learn-more-about-grasslands\\\/\"},{\"@type\":\"ListItem\",\"position\":3,\"name\":\"Fungais F\u00e9araigh\"}]},{\"@type\":\"WebSite\",\"@id\":\"https:\\\/\\\/www.greatirishgrasslands.ie\\\/ga\\\/#website\",\"url\":\"https:\\\/\\\/www.greatirishgrasslands.ie\\\/ga\\\/\",\"name\":\"Great Irish Grasslands\",\"description\":\"\",\"publisher\":{\"@id\":\"https:\\\/\\\/www.greatirishgrasslands.ie\\\/ga\\\/#organization\"},\"potentialAction\":[{\"@type\":\"SearchAction\",\"target\":{\"@type\":\"EntryPoint\",\"urlTemplate\":\"https:\\\/\\\/www.greatirishgrasslands.ie\\\/ga\\\/?s={search_term_string}\"},\"query-input\":{\"@type\":\"PropertyValueSpecification\",\"valueRequired\":true,\"valueName\":\"search_term_string\"}}],\"inLanguage\":\"ga-IE\"},{\"@type\":\"Organization\",\"@id\":\"https:\\\/\\\/www.greatirishgrasslands.ie\\\/ga\\\/#organization\",\"name\":\"Department of Housing, Local Government and Heritage\",\"url\":\"https:\\\/\\\/www.greatirishgrasslands.ie\\\/ga\\\/\",\"logo\":{\"@type\":\"ImageObject\",\"inLanguage\":\"ga-IE\",\"@id\":\"https:\\\/\\\/www.greatirishgrasslands.ie\\\/ga\\\/#\\\/schema\\\/logo\\\/image\\\/\",\"url\":\"https:\\\/\\\/www.greatirishgrasslands.ie\\\/wp-content\\\/uploads\\\/2022\\\/08\\\/GreatIrishGrasslands.png\",\"contentUrl\":\"https:\\\/\\\/www.greatirishgrasslands.ie\\\/wp-content\\\/uploads\\\/2022\\\/08\\\/GreatIrishGrasslands.png\",\"width\":945,\"height\":945,\"caption\":\"Department of Housing, Local Government and Heritage\"},\"image\":{\"@id\":\"https:\\\/\\\/www.greatirishgrasslands.ie\\\/ga\\\/#\\\/schema\\\/logo\\\/image\\\/\"},\"sameAs\":[\"https:\\\/\\\/x.com\\\/GrasslandsIrl\",\"https:\\\/\\\/www.youtube.com\\\/watch?v=LciwCxv7khk&list=PLWta3HlsVdFaNJRQJCwtd3qfuu-nq9zD4\"]}]}<\/script>\n<!-- \/ Yoast SEO plugin. -->","yoast_head_json":{"title":"Fungais F\u00e9araigh - Great Irish Grasslands","robots":{"index":"index","follow":"follow","max-snippet":"max-snippet:-1","max-image-preview":"max-image-preview:large","max-video-preview":"max-video-preview:-1"},"canonical":"https:\/\/www.greatirishgrasslands.ie\/ga\/learn-more-about-grasslands\/fungais-fearaigh\/","og_locale":"ga_IE","og_type":"article","og_title":"Fungais F\u00e9araigh - Great Irish Grasslands","og_description":"Gr\u00fapa amh\u00e1in org\u00e1nach is f\u00e9idir a \u00fas\u00e1id chun c\u00e1il\u00edocht na bhf\u00e9arach a mheas is ea fungais f\u00e9araigh. T\u00e1 na speicis seo n\u00edos suntasa\u00ed go luath san Fh\u00f3mhar. F\u00e9adann s\u00e9 a bheith deacair do thosaitheoir\u00ed n\u00f3 do fheabhsaitheoir faisn\u00e9is at\u00e1 \u00e9asca le h\u00fas\u00e1id agus a bhaineann go sonrach le h\u00c9irinn a fh\u00e1il ar na fungais seo. [&hellip;]","og_url":"https:\/\/www.greatirishgrasslands.ie\/ga\/learn-more-about-grasslands\/fungais-fearaigh\/","og_site_name":"Great Irish Grasslands","article_modified_time":"2025-05-08T09:05:42+00:00","og_image":[{"width":1024,"height":1024,"url":"https:\/\/www.greatirishgrasslands.ie\/wp-content\/uploads\/2023\/09\/banner-1024x1024.jpg","type":"image\/jpeg"}],"twitter_card":"summary_large_image","twitter_site":"@GrasslandsIrl","twitter_misc":{"Est. reading time":"1 minute"},"schema":{"@context":"https:\/\/schema.org","@graph":[{"@type":"WebPage","@id":"https:\/\/www.greatirishgrasslands.ie\/ga\/learn-more-about-grasslands\/fungais-fearaigh\/","url":"https:\/\/www.greatirishgrasslands.ie\/ga\/learn-more-about-grasslands\/fungais-fearaigh\/","name":"Fungais F\u00e9araigh - Great Irish Grasslands","isPartOf":{"@id":"https:\/\/www.greatirishgrasslands.ie\/ga\/#website"},"primaryImageOfPage":{"@id":"https:\/\/www.greatirishgrasslands.ie\/ga\/learn-more-about-grasslands\/fungais-fearaigh\/#primaryimage"},"image":{"@id":"https:\/\/www.greatirishgrasslands.ie\/ga\/learn-more-about-grasslands\/fungais-fearaigh\/#primaryimage"},"thumbnailUrl":"https:\/\/www.greatirishgrasslands.ie\/wp-content\/uploads\/2023\/09\/banner.jpg","datePublished":"2023-09-22T13:46:07+00:00","dateModified":"2025-05-08T09:05:42+00:00","breadcrumb":{"@id":"https:\/\/www.greatirishgrasslands.ie\/ga\/learn-more-about-grasslands\/fungais-fearaigh\/#breadcrumb"},"inLanguage":"ga-IE","potentialAction":[{"@type":"ReadAction","target":["https:\/\/www.greatirishgrasslands.ie\/ga\/learn-more-about-grasslands\/fungais-fearaigh\/"]}]},{"@type":"ImageObject","inLanguage":"ga-IE","@id":"https:\/\/www.greatirishgrasslands.ie\/ga\/learn-more-about-grasslands\/fungais-fearaigh\/#primaryimage","url":"https:\/\/www.greatirishgrasslands.ie\/wp-content\/uploads\/2023\/09\/banner.jpg","contentUrl":"https:\/\/www.greatirishgrasslands.ie\/wp-content\/uploads\/2023\/09\/banner.jpg","width":1961,"height":1960},{"@type":"BreadcrumbList","@id":"https:\/\/www.greatirishgrasslands.ie\/ga\/learn-more-about-grasslands\/fungais-fearaigh\/#breadcrumb","itemListElement":[{"@type":"ListItem","position":1,"name":"Home","item":"https:\/\/www.greatirishgrasslands.ie\/ga\/"},{"@type":"ListItem","position":2,"name":"Faigh amach tuileadh faoi Fh\u00e9arthailte","item":"https:\/\/www.greatirishgrasslands.ie\/ga\/learn-more-about-grasslands\/"},{"@type":"ListItem","position":3,"name":"Fungais F\u00e9araigh"}]},{"@type":"WebSite","@id":"https:\/\/www.greatirishgrasslands.ie\/ga\/#website","url":"https:\/\/www.greatirishgrasslands.ie\/ga\/","name":"Great Irish Grasslands","description":"","publisher":{"@id":"https:\/\/www.greatirishgrasslands.ie\/ga\/#organization"},"potentialAction":[{"@type":"SearchAction","target":{"@type":"EntryPoint","urlTemplate":"https:\/\/www.greatirishgrasslands.ie\/ga\/?s={search_term_string}"},"query-input":{"@type":"PropertyValueSpecification","valueRequired":true,"valueName":"search_term_string"}}],"inLanguage":"ga-IE"},{"@type":"Organization","@id":"https:\/\/www.greatirishgrasslands.ie\/ga\/#organization","name":"Department of Housing, Local Government and Heritage","url":"https:\/\/www.greatirishgrasslands.ie\/ga\/","logo":{"@type":"ImageObject","inLanguage":"ga-IE","@id":"https:\/\/www.greatirishgrasslands.ie\/ga\/#\/schema\/logo\/image\/","url":"https:\/\/www.greatirishgrasslands.ie\/wp-content\/uploads\/2022\/08\/GreatIrishGrasslands.png","contentUrl":"https:\/\/www.greatirishgrasslands.ie\/wp-content\/uploads\/2022\/08\/GreatIrishGrasslands.png","width":945,"height":945,"caption":"Department of Housing, Local Government and Heritage"},"image":{"@id":"https:\/\/www.greatirishgrasslands.ie\/ga\/#\/schema\/logo\/image\/"},"sameAs":["https:\/\/x.com\/GrasslandsIrl","https:\/\/www.youtube.com\/watch?v=LciwCxv7khk&list=PLWta3HlsVdFaNJRQJCwtd3qfuu-nq9zD4"]}]}},"spectra_custom_meta":{"adv-header-id-meta":[""],"stick-header-meta":[""],"theme-transparent-header-meta":[""],"_wpml_media_duplicate":["1"],"_wpml_media_featured":["1"],"_top_nav_excluded":[""],"_cms_nav_minihome":[""],"_thumbnail_id":["1165"],"_last_translation_edit_mode":["translation-editor"],"_cmplz_scanned_post":["1"],"ast-site-content-layout":["default"],"_cmplz_remote_scanned_post":["1"],"ast-main-header-display":[""],"ast-hfb-above-header-display":[""],"ast-hfb-below-header-display":[""],"ast-hfb-mobile-header-display":[""],"footer-sml-layout":[""],"header-main-stick-meta":[""],"header-above-stick-meta":[""],"header-below-stick-meta":[""],"site-post-title":["disabled"],"site-sidebar-layout":["default"],"site-content-layout":[""],"ast-featured-img":[""],"ast-breadcrumbs-content":[""],"ast-banner-title-visibility":[""],"ast-global-header-display":[""],"site-content-style":["default"],"site-sidebar-style":["default"],"_wp_page_template":[""],"_wpml_word_count":["251"],"_uagb_previous_block_counts":["a:90:{s:21:\"uagb\/advanced-heading\";i:0;s:15:\"uagb\/blockquote\";i:0;s:12:\"uagb\/buttons\";i:0;s:18:\"uagb\/buttons-child\";i:0;s:19:\"uagb\/call-to-action\";i:0;s:15:\"uagb\/cf7-styler\";i:0;s:11:\"uagb\/column\";i:0;s:12:\"uagb\/columns\";i:0;s:14:\"uagb\/container\";i:0;s:21:\"uagb\/content-timeline\";i:0;s:27:\"uagb\/content-timeline-child\";i:0;s:14:\"uagb\/countdown\";i:0;s:12:\"uagb\/counter\";i:0;s:8:\"uagb\/faq\";i:0;s:14:\"uagb\/faq-child\";i:0;s:10:\"uagb\/forms\";i:0;s:17:\"uagb\/forms-accept\";i:0;s:19:\"uagb\/forms-checkbox\";i:0;s:15:\"uagb\/forms-date\";i:0;s:16:\"uagb\/forms-email\";i:0;s:17:\"uagb\/forms-hidden\";i:0;s:15:\"uagb\/forms-name\";i:0;s:16:\"uagb\/forms-phone\";i:0;s:16:\"uagb\/forms-radio\";i:0;s:17:\"uagb\/forms-select\";i:0;s:19:\"uagb\/forms-textarea\";i:0;s:17:\"uagb\/forms-toggle\";i:0;s:14:\"uagb\/forms-url\";i:0;s:14:\"uagb\/gf-styler\";i:0;s:15:\"uagb\/google-map\";i:0;s:11:\"uagb\/how-to\";i:0;s:16:\"uagb\/how-to-step\";i:0;s:9:\"uagb\/icon\";i:0;s:14:\"uagb\/icon-list\";i:0;s:20:\"uagb\/icon-list-child\";i:0;s:10:\"uagb\/image\";i:0;s:18:\"uagb\/image-gallery\";i:0;s:13:\"uagb\/info-box\";i:0;s:18:\"uagb\/inline-notice\";i:0;s:11:\"uagb\/lottie\";i:0;s:21:\"uagb\/marketing-button\";i:0;s:10:\"uagb\/modal\";i:0;s:18:\"uagb\/popup-builder\";i:0;s:16:\"uagb\/post-button\";i:0;s:18:\"uagb\/post-carousel\";i:0;s:17:\"uagb\/post-excerpt\";i:0;s:14:\"uagb\/post-grid\";i:0;s:15:\"uagb\/post-image\";i:0;s:17:\"uagb\/post-masonry\";i:0;s:14:\"uagb\/post-meta\";i:0;s:18:\"uagb\/post-taxonomy\";i:0;s:18:\"uagb\/post-timeline\";i:0;s:15:\"uagb\/post-title\";i:0;s:20:\"uagb\/restaurant-menu\";i:0;s:26:\"uagb\/restaurant-menu-child\";i:0;s:11:\"uagb\/review\";i:0;s:12:\"uagb\/section\";i:0;s:14:\"uagb\/separator\";i:0;s:11:\"uagb\/slider\";i:0;s:17:\"uagb\/slider-child\";i:0;s:17:\"uagb\/social-share\";i:0;s:23:\"uagb\/social-share-child\";i:0;s:16:\"uagb\/star-rating\";i:0;s:23:\"uagb\/sure-cart-checkout\";i:0;s:22:\"uagb\/sure-cart-product\";i:0;s:15:\"uagb\/sure-forms\";i:0;s:22:\"uagb\/table-of-contents\";i:0;s:9:\"uagb\/tabs\";i:0;s:15:\"uagb\/tabs-child\";i:0;s:18:\"uagb\/taxonomy-list\";i:0;s:9:\"uagb\/team\";i:0;s:16:\"uagb\/testimonial\";i:0;s:14:\"uagb\/wp-search\";i:0;s:19:\"uagb\/instagram-feed\";i:0;s:10:\"uagb\/login\";i:0;s:17:\"uagb\/loop-builder\";i:0;s:18:\"uagb\/loop-category\";i:0;s:20:\"uagb\/loop-pagination\";i:0;s:15:\"uagb\/loop-reset\";i:0;s:16:\"uagb\/loop-search\";i:0;s:14:\"uagb\/loop-sort\";i:0;s:17:\"uagb\/loop-wrapper\";i:0;s:13:\"uagb\/register\";i:0;s:19:\"uagb\/register-email\";i:0;s:24:\"uagb\/register-first-name\";i:0;s:23:\"uagb\/register-last-name\";i:0;s:22:\"uagb\/register-password\";i:0;s:30:\"uagb\/register-reenter-password\";i:0;s:19:\"uagb\/register-terms\";i:0;s:22:\"uagb\/register-username\";i:0;}"],"_uag_page_assets":["a:9:{s:3:\"css\";s:0:\"\";s:2:\"js\";s:0:\"\";s:18:\"current_block_list\";a:10:{i:0;s:14:\"core\/paragraph\";i:1;s:10:\"core\/quote\";i:2;s:10:\"core\/image\";i:3;s:11:\"core\/search\";i:4;s:10:\"core\/group\";i:5;s:12:\"core\/heading\";i:6;s:17:\"core\/latest-posts\";i:7;s:20:\"core\/latest-comments\";i:8;s:13:\"core\/archives\";i:9;s:15:\"core\/categories\";}s:8:\"uag_flag\";b:0;s:11:\"uag_version\";s:10:\"1777457883\";s:6:\"gfonts\";a:0:{}s:10:\"gfonts_url\";s:0:\"\";s:12:\"gfonts_files\";a:0:{}s:14:\"uag_faq_layout\";b:0;}"]},"uagb_featured_image_src":{"full":["https:\/\/www.greatirishgrasslands.ie\/wp-content\/uploads\/2023\/09\/banner.jpg",1961,1960,false],"thumbnail":["https:\/\/www.greatirishgrasslands.ie\/wp-content\/uploads\/2023\/09\/banner-150x150.jpg",150,150,true],"medium":["https:\/\/www.greatirishgrasslands.ie\/wp-content\/uploads\/2023\/09\/banner-300x300.jpg",300,300,true],"medium_large":["https:\/\/www.greatirishgrasslands.ie\/wp-content\/uploads\/2023\/09\/banner-768x768.jpg",768,768,true],"large":["https:\/\/www.greatirishgrasslands.ie\/wp-content\/uploads\/2023\/09\/banner-1024x1024.jpg",1024,1024,true],"1536x1536":["https:\/\/www.greatirishgrasslands.ie\/wp-content\/uploads\/2023\/09\/banner-1536x1536.jpg",1536,1536,true],"2048x2048":["https:\/\/www.greatirishgrasslands.ie\/wp-content\/uploads\/2023\/09\/banner.jpg",1961,1960,false]},"uagb_author_info":{"display_name":"bobbyjo","author_link":"https:\/\/www.greatirishgrasslands.ie\/ga\/author\/bobbyjo\/"},"uagb_comment_info":0,"uagb_excerpt":"Gr\u00fapa amh\u00e1in org\u00e1nach is f\u00e9idir a \u00fas\u00e1id chun c\u00e1il\u00edocht na bhf\u00e9arach a mheas is ea fungais f\u00e9araigh. T\u00e1 na speicis seo n\u00edos suntasa\u00ed go luath san Fh\u00f3mhar. F\u00e9adann s\u00e9 a bheith deacair do thosaitheoir\u00ed n\u00f3 do fheabhsaitheoir faisn\u00e9is at\u00e1 \u00e9asca le h\u00fas\u00e1id agus a bhaineann go sonrach le h\u00c9irinn a fh\u00e1il ar na fungais seo.&hellip;","_links":{"self":[{"href":"https:\/\/www.greatirishgrasslands.ie\/ga\/wp-json\/wp\/v2\/pages\/1167","targetHints":{"allow":["GET"]}}],"collection":[{"href":"https:\/\/www.greatirishgrasslands.ie\/ga\/wp-json\/wp\/v2\/pages"}],"about":[{"href":"https:\/\/www.greatirishgrasslands.ie\/ga\/wp-json\/wp\/v2\/types\/page"}],"author":[{"embeddable":true,"href":"https:\/\/www.greatirishgrasslands.ie\/ga\/wp-json\/wp\/v2\/users\/1"}],"replies":[{"embeddable":true,"href":"https:\/\/www.greatirishgrasslands.ie\/ga\/wp-json\/wp\/v2\/comments?post=1167"}],"version-history":[{"count":3,"href":"https:\/\/www.greatirishgrasslands.ie\/ga\/wp-json\/wp\/v2\/pages\/1167\/revisions"}],"predecessor-version":[{"id":1170,"href":"https:\/\/www.greatirishgrasslands.ie\/ga\/wp-json\/wp\/v2\/pages\/1167\/revisions\/1170"}],"up":[{"embeddable":true,"href":"https:\/\/www.greatirishgrasslands.ie\/ga\/wp-json\/wp\/v2\/pages\/318"}],"wp:featuredmedia":[{"embeddable":true,"href":"https:\/\/www.greatirishgrasslands.ie\/ga\/wp-json\/wp\/v2\/media\/1165"}],"wp:attachment":[{"href":"https:\/\/www.greatirishgrasslands.ie\/ga\/wp-json\/wp\/v2\/media?parent=1167"}],"curies":[{"name":"wp","href":"https:\/\/api.w.org\/{rel}","templated":true}]}}